{"id":5937,"date":"2026-02-02T15:42:11","date_gmt":"2026-02-02T14:42:11","guid":{"rendered":"https:\/\/augustins.toulouse.fr\/gift-shop-cafe\/"},"modified":"2026-05-05T08:07:47","modified_gmt":"2026-05-05T06:07:47","slug":"gift-shop-cafe","status":"publish","type":"page","link":"http:\/\/augustins.toulouse.fr\/en\/gift-shop-cafe\/","title":{"rendered":"Gift Shop-cafe"},"content":{"rendered":"<section class=\"section-group\"><div class=\"container\"><div class=\"pure-g\">\n<div class=\"wp-block-group is-layout-constrained wp-block-group-is-layout-constrained\"><section class=\"section-group\"><div class=\"container\"><div class=\"pure-g\">\n<div class=\"wp-block-group is-layout-constrained wp-block-group-is-layout-constrained\">\n<div class=\"wp-block-cover is-light has-medium-font-size\" style=\"min-height:316px;aspect-ratio:unset;\"><img loading=\"lazy\" decoding=\"async\" width=\"1200\" height=\"800\" class=\"wp-block-cover__image-background wp-image-5222 size-full\" alt=\"\" src=\"http:\/\/augustins.toulouse.fr\/wp-content\/uploads\/sites\/17\/2026\/02\/boutique1.jpg\" data-object-fit=\"cover\" srcset=\"https:\/\/augustins.toulouse.fr\/wp-content\/uploads\/sites\/17\/2026\/02\/boutique1.jpg 1200w, https:\/\/augustins.toulouse.fr\/wp-content\/uploads\/sites\/17\/2026\/02\/boutique1-300x200.jpg 300w, https:\/\/augustins.toulouse.fr\/wp-content\/uploads\/sites\/17\/2026\/02\/boutique1-1024x683.jpg 1024w, https:\/\/augustins.toulouse.fr\/wp-content\/uploads\/sites\/17\/2026\/02\/boutique1-768x512.jpg 768w, https:\/\/augustins.toulouse.fr\/wp-content\/uploads\/sites\/17\/2026\/02\/boutique1-414x276.jpg 414w\" sizes=\"(max-width: 1200px) 100vw, 1200px\" \/><span aria-hidden=\"true\" class=\"wp-block-cover__background has-background-dim-0 has-background-dim\"><\/span><div class=\"wp-block-cover__inner-container is-layout-constrained wp-block-cover-is-layout-constrained\">\n<p class=\"has-text-align-center has-large-font-size\"><\/p>\n<\/div><\/div>\n<\/div>\n<\/div><\/div><\/section>\n\n\n<h4 class=\"wp-block-heading\" id=\"accordez-vous-le-temps-d-une-pause-et-gardez-un-souvenir-de-votre-visite-la-boutique-librairie-cafe-du-musee-des-augustins-vous-attend-avec-son-coin-cafe-et-sa-terrasse-ombragee\">Take a break and treat yourself to a souvenir of your visit: the museum gift shop-bookshop-caf\u00e9 is a great place to relax and unwind, with its caf\u00e9 area nestled on a shady terrace. <\/h4>\n<\/div>\n<\/div><\/div><\/section><section class=\"section-group\"><div class=\"container\"><div class=\"pure-g\">\n<div class=\"wp-block-group is-layout-constrained wp-block-group-is-layout-constrained\">\n<h2 class=\"wp-block-heading\" id=\"sur-place\">In the heart of the museum <\/h2>\n\n\n\n<p>Everyone is welcome in this exceptional architectural setting where culture, shopping and a friendly interlude await. Whether you come along to flick through a book, sip a soothing cup of coffee or pick up a gift to cherish, every visit promises to be a memorable experience. <\/p>\n\n\n\n<figure   aria-label=\"\"  class=\"wp-block-image aligncenter size-large is-resized\"><img loading=\"lazy\" decoding=\"async\" width=\"1024\" height=\"683\" src=\"https:\/\/augustins.toulouse.fr\/wp-content\/uploads\/sites\/17\/2026\/02\/boutique2-1024x683.jpg\" alt=\"\" class=\"wp-image-5220\" style=\"width:592px;height:auto\" srcset=\"https:\/\/augustins.toulouse.fr\/wp-content\/uploads\/sites\/17\/2026\/02\/boutique2-1024x683.jpg 1024w, https:\/\/augustins.toulouse.fr\/wp-content\/uploads\/sites\/17\/2026\/02\/boutique2-300x200.jpg 300w, https:\/\/augustins.toulouse.fr\/wp-content\/uploads\/sites\/17\/2026\/02\/boutique2-768x512.jpg 768w, https:\/\/augustins.toulouse.fr\/wp-content\/uploads\/sites\/17\/2026\/02\/boutique2-414x276.jpg 414w, https:\/\/augustins.toulouse.fr\/wp-content\/uploads\/sites\/17\/2026\/02\/boutique2.jpg 1200w\" sizes=\"(max-width: 1024px) 100vw, 1024px\" \/><\/figure>\n\n\n\n<p>We give pride of place to local craftsmanship by partnering with many regionally-based artisans and creators, to promote their talent and commitment to their craft. <\/p>\n\n\n\n<p><strong>Opening hours<\/strong><\/p>\n\n\n\n<ul class=\"wp-block-list\">\n<li>Monday from 12 pm to 6 pm<\/li>\n\n\n\n<li>Monday from 12 pm to 6 pm<\/li>\n\n\n\n<li>Mercredi ferm\u00e9<\/li>\n\n\n\n<li>Thursday from 12 pm to 6 pm<\/li>\n\n\n\n<li>Friday from 12 pm to 6 pm<\/li>\n\n\n\n<li>Saturday from 10 am to 6 pm<\/li>\n\n\n\n<li>Sunday from 10 am to 6 pm<\/li>\n<\/ul>\n\n\n\n<p>The gift shop is open during the late-night opening sessions organised once a month, until 9 pm. Closed on 25 December, 1 January and 1 May. <\/p>\n\n\n\n<h2 class=\"wp-block-heading\" id=\"sur-place\">Online gift shop <\/h2>\n<\/div>\n<\/div><\/div><\/section><section class=\"section-group\"><div class=\"container\"><div class=\"pure-g\">\n<div class=\"wp-block-group is-layout-constrained wp-block-group-is-layout-constrained\">\n<p>The Toulouse City Council online gift shop offers a selection of publications and related products inspired by the Museum collections and monuments :<\/p>\n\n\n\n<p><em>Church of the Jacobins, Mus\u00e9e des Augustins, Mus\u00e9e Saint-Raymond, Mus\u00e9e des Arts Pr\u00e9cieux Paul-Dupuy, Mus\u00e9e Georges-Labit, Ch\u00e2teau d\u2019Eau, Chapelle de la Grave, Castelet (former Saint-Michel prison).<\/em><\/p>\n\n\n\n<div class=\"wp-block-buttons is-horizontal is-content-justification-center is-layout-flex wp-container-core-buttons-is-layout-499968f5 wp-block-buttons-is-layout-flex\">\n<div class=\"wp-block-button is-style-default\"><a class=\"wp-block-button__link   has-black-color has-emerald-background-color has-text-color has-background has-link-color wp-element-button\" href=\"&lt;!--[CDATA[https:\/\/boutique-musees.toulouse.fr\/list\/goods]]--&gt;\" target=\"_blank\" rel=\"noreferrer noopener\"><strong>VISIT THE ONLINE GIFT SHOP<\/strong><\/a><\/div>\n<\/div>\n\n\n\n<div style=\"height:42px\" aria-hidden=\"true\" class=\"wp-block-spacer\"><\/div>\n\n\n\n<figure   aria-label=\"\"  class=\"wp-block-image aligncenter size-medium\"><img loading=\"lazy\" decoding=\"async\" width=\"300\" height=\"253\" src=\"https:\/\/augustins.toulouse.fr\/wp-content\/uploads\/sites\/17\/2026\/02\/boutiqueAUG-300x253.jpg\" alt=\"\" class=\"wp-image-5218\" srcset=\"https:\/\/augustins.toulouse.fr\/wp-content\/uploads\/sites\/17\/2026\/02\/boutiqueAUG-300x253.jpg 300w, https:\/\/augustins.toulouse.fr\/wp-content\/uploads\/sites\/17\/2026\/02\/boutiqueAUG-768x647.jpg 768w, https:\/\/augustins.toulouse.fr\/wp-content\/uploads\/sites\/17\/2026\/02\/boutiqueAUG-414x349.jpg 414w, https:\/\/augustins.toulouse.fr\/wp-content\/uploads\/sites\/17\/2026\/02\/boutiqueAUG.jpg 883w\" sizes=\"(max-width: 300px) 100vw, 300px\" \/><\/figure>\n<\/div>\n<\/div><\/div><\/section>","protected":false},"excerpt":{"rendered":"<p>Take a break and treat yourself to a souvenir of your visit: the museum gift shop-bookshop-caf\u00e9 is a great place to relax and unwind, with its caf\u00e9 area nestled on a shady terrace. In the&hellip;<\/p>\n","protected":false},"author":149,"featured_media":0,"parent":0,"menu_order":0,"comment_status":"closed","ping_status":"closed","template":"","meta":{"_acf_changed":false,"footnotes":""},"class_list":["post-5937","page","type-page","status-publish","hentry"],"acf":[],"yoast_head":"<!-- This site is optimized with the Yoast SEO plugin v27.0 - https:\/\/yoast.com\/product\/yoast-seo-wordpress\/ -->\n<title>Gift Shop-cafe - Mus\u00e9e des Augustins<\/title>\n<meta name=\"description\" content=\"Discover the student events at the Mus\u00e9e des Augustins: late-night openings, guided tours, workshops, concerts, talks and festive events.\" \/>\n<meta name=\"robots\" content=\"index, follow, max-snippet:-1, max-image-preview:large, max-video-preview:-1\" \/>\n<link rel=\"canonical\" href=\"http:\/\/augustins.toulouse.fr\/en\/gift-shop-cafe\/\" \/>\n<meta property=\"og:locale\" content=\"en_US\" \/>\n<meta property=\"og:type\" content=\"article\" \/>\n<meta property=\"og:title\" content=\"Gift Shop-cafe - Mus\u00e9e des Augustins\" \/>\n<meta property=\"og:description\" content=\"Discover the student events at the Mus\u00e9e des Augustins: late-night openings, guided tours, workshops, concerts, talks and festive events.\" \/>\n<meta property=\"og:url\" content=\"http:\/\/augustins.toulouse.fr\/en\/gift-shop-cafe\/\" \/>\n<meta property=\"og:site_name\" content=\"Mus\u00e9e des Augustins\" \/>\n<meta property=\"article:modified_time\" content=\"2026-05-05T06:07:47+00:00\" \/>\n<meta property=\"og:image\" content=\"https:\/\/augustins.toulouse.fr\/wp-content\/uploads\/sites\/17\/2026\/02\/boutique1.jpg\" \/>\n\t<meta property=\"og:image:width\" content=\"1200\" \/>\n\t<meta property=\"og:image:height\" content=\"800\" \/>\n\t<meta property=\"og:image:type\" content=\"image\/jpeg\" \/>\n<meta name=\"twitter:card\" content=\"summary_large_image\" \/>\n<meta name=\"twitter:label1\" content=\"Est. reading time\" \/>\n\t<meta name=\"twitter:data1\" content=\"1 minute\" \/>\n<script type=\"application\/ld+json\" class=\"yoast-schema-graph\">{\"@context\":\"https:\/\/schema.org\",\"@graph\":[{\"@type\":\"WebPage\",\"@id\":\"http:\/\/augustins.toulouse.fr\/en\/gift-shop-cafe\/\",\"url\":\"http:\/\/augustins.toulouse.fr\/en\/gift-shop-cafe\/\",\"name\":\"Gift Shop-cafe - Mus\u00e9e des Augustins\",\"isPartOf\":{\"@id\":\"https:\/\/augustins.toulouse.fr\/en\/#website\"},\"primaryImageOfPage\":{\"@id\":\"http:\/\/augustins.toulouse.fr\/en\/gift-shop-cafe\/#primaryimage\"},\"image\":{\"@id\":\"http:\/\/augustins.toulouse.fr\/en\/gift-shop-cafe\/#primaryimage\"},\"thumbnailUrl\":\"http:\/\/augustins.toulouse.fr\/wp-content\/uploads\/sites\/17\/2026\/02\/boutique1.jpg\",\"datePublished\":\"2026-02-02T14:42:11+00:00\",\"dateModified\":\"2026-05-05T06:07:47+00:00\",\"description\":\"Discover the student events at the Mus\u00e9e des Augustins: late-night openings, guided tours, workshops, concerts, talks and festive events.\",\"breadcrumb\":{\"@id\":\"http:\/\/augustins.toulouse.fr\/en\/gift-shop-cafe\/#breadcrumb\"},\"inLanguage\":\"en-US\",\"potentialAction\":[{\"@type\":\"ReadAction\",\"target\":[\"http:\/\/augustins.toulouse.fr\/en\/gift-shop-cafe\/\"]}]},{\"@type\":\"ImageObject\",\"inLanguage\":\"en-US\",\"@id\":\"http:\/\/augustins.toulouse.fr\/en\/gift-shop-cafe\/#primaryimage\",\"url\":\"http:\/\/augustins.toulouse.fr\/wp-content\/uploads\/sites\/17\/2026\/02\/boutique1.jpg\",\"contentUrl\":\"http:\/\/augustins.toulouse.fr\/wp-content\/uploads\/sites\/17\/2026\/02\/boutique1.jpg\"},{\"@type\":\"BreadcrumbList\",\"@id\":\"http:\/\/augustins.toulouse.fr\/en\/gift-shop-cafe\/#breadcrumb\",\"itemListElement\":[{\"@type\":\"ListItem\",\"position\":1,\"name\":\"Accueil\",\"item\":\"https:\/\/augustins.toulouse.fr\/en\/\"},{\"@type\":\"ListItem\",\"position\":2,\"name\":\"Gift Shop-cafe\"}]},{\"@type\":\"WebSite\",\"@id\":\"https:\/\/augustins.toulouse.fr\/en\/#website\",\"url\":\"https:\/\/augustins.toulouse.fr\/en\/\",\"name\":\"Mus\u00e9e des Augustins\",\"description\":\"\",\"publisher\":{\"@id\":\"https:\/\/augustins.toulouse.fr\/en\/#organization\"},\"potentialAction\":[{\"@type\":\"SearchAction\",\"target\":{\"@type\":\"EntryPoint\",\"urlTemplate\":\"https:\/\/augustins.toulouse.fr\/en\/search\/{search_term_string}\"},\"query-input\":{\"@type\":\"PropertyValueSpecification\",\"valueRequired\":true,\"valueName\":\"search_term_string\"}}],\"inLanguage\":\"en-US\"},{\"@type\":\"Organization\",\"@id\":\"https:\/\/augustins.toulouse.fr\/en\/#organization\",\"name\":\"Mus\u00e9e des Augustins\",\"url\":\"https:\/\/augustins.toulouse.fr\/en\/\",\"logo\":{\"@type\":\"ImageObject\",\"inLanguage\":\"en-US\",\"@id\":\"https:\/\/augustins.toulouse.fr\/en\/#\/schema\/logo\/image\/\",\"url\":\"https:\/\/augustins.toulouse.fr\/wp-content\/uploads\/sites\/17\/2025\/01\/logo-musee-des-augustins-1.svg\",\"contentUrl\":\"https:\/\/augustins.toulouse.fr\/wp-content\/uploads\/sites\/17\/2025\/01\/logo-musee-des-augustins-1.svg\",\"caption\":\"Mus\u00e9e des Augustins\"},\"image\":{\"@id\":\"https:\/\/augustins.toulouse.fr\/en\/#\/schema\/logo\/image\/\"}}]}<\/script>\n<!-- \/ Yoast SEO plugin. -->","yoast_head_json":{"title":"Gift Shop-cafe - Mus\u00e9e des Augustins","description":"Discover the student events at the Mus\u00e9e des Augustins: late-night openings, guided tours, workshops, concerts, talks and festive events.","robots":{"index":"index","follow":"follow","max-snippet":"max-snippet:-1","max-image-preview":"max-image-preview:large","max-video-preview":"max-video-preview:-1"},"canonical":"http:\/\/augustins.toulouse.fr\/en\/gift-shop-cafe\/","og_locale":"en_US","og_type":"article","og_title":"Gift Shop-cafe - Mus\u00e9e des Augustins","og_description":"Discover the student events at the Mus\u00e9e des Augustins: late-night openings, guided tours, workshops, concerts, talks and festive events.","og_url":"http:\/\/augustins.toulouse.fr\/en\/gift-shop-cafe\/","og_site_name":"Mus\u00e9e des Augustins","article_modified_time":"2026-05-05T06:07:47+00:00","og_image":[{"width":1200,"height":800,"url":"https:\/\/augustins.toulouse.fr\/wp-content\/uploads\/sites\/17\/2026\/02\/boutique1.jpg","type":"image\/jpeg"}],"twitter_card":"summary_large_image","twitter_misc":{"Est. reading time":"1 minute"},"schema":{"@context":"https:\/\/schema.org","@graph":[{"@type":"WebPage","@id":"http:\/\/augustins.toulouse.fr\/en\/gift-shop-cafe\/","url":"http:\/\/augustins.toulouse.fr\/en\/gift-shop-cafe\/","name":"Gift Shop-cafe - Mus\u00e9e des Augustins","isPartOf":{"@id":"https:\/\/augustins.toulouse.fr\/en\/#website"},"primaryImageOfPage":{"@id":"http:\/\/augustins.toulouse.fr\/en\/gift-shop-cafe\/#primaryimage"},"image":{"@id":"http:\/\/augustins.toulouse.fr\/en\/gift-shop-cafe\/#primaryimage"},"thumbnailUrl":"http:\/\/augustins.toulouse.fr\/wp-content\/uploads\/sites\/17\/2026\/02\/boutique1.jpg","datePublished":"2026-02-02T14:42:11+00:00","dateModified":"2026-05-05T06:07:47+00:00","description":"Discover the student events at the Mus\u00e9e des Augustins: late-night openings, guided tours, workshops, concerts, talks and festive events.","breadcrumb":{"@id":"http:\/\/augustins.toulouse.fr\/en\/gift-shop-cafe\/#breadcrumb"},"inLanguage":"en-US","potentialAction":[{"@type":"ReadAction","target":["http:\/\/augustins.toulouse.fr\/en\/gift-shop-cafe\/"]}]},{"@type":"ImageObject","inLanguage":"en-US","@id":"http:\/\/augustins.toulouse.fr\/en\/gift-shop-cafe\/#primaryimage","url":"http:\/\/augustins.toulouse.fr\/wp-content\/uploads\/sites\/17\/2026\/02\/boutique1.jpg","contentUrl":"http:\/\/augustins.toulouse.fr\/wp-content\/uploads\/sites\/17\/2026\/02\/boutique1.jpg"},{"@type":"BreadcrumbList","@id":"http:\/\/augustins.toulouse.fr\/en\/gift-shop-cafe\/#breadcrumb","itemListElement":[{"@type":"ListItem","position":1,"name":"Accueil","item":"https:\/\/augustins.toulouse.fr\/en\/"},{"@type":"ListItem","position":2,"name":"Gift Shop-cafe"}]},{"@type":"WebSite","@id":"https:\/\/augustins.toulouse.fr\/en\/#website","url":"https:\/\/augustins.toulouse.fr\/en\/","name":"Mus\u00e9e des Augustins","description":"","publisher":{"@id":"https:\/\/augustins.toulouse.fr\/en\/#organization"},"potentialAction":[{"@type":"SearchAction","target":{"@type":"EntryPoint","urlTemplate":"https:\/\/augustins.toulouse.fr\/en\/search\/{search_term_string}"},"query-input":{"@type":"PropertyValueSpecification","valueRequired":true,"valueName":"search_term_string"}}],"inLanguage":"en-US"},{"@type":"Organization","@id":"https:\/\/augustins.toulouse.fr\/en\/#organization","name":"Mus\u00e9e des Augustins","url":"https:\/\/augustins.toulouse.fr\/en\/","logo":{"@type":"ImageObject","inLanguage":"en-US","@id":"https:\/\/augustins.toulouse.fr\/en\/#\/schema\/logo\/image\/","url":"https:\/\/augustins.toulouse.fr\/wp-content\/uploads\/sites\/17\/2025\/01\/logo-musee-des-augustins-1.svg","contentUrl":"https:\/\/augustins.toulouse.fr\/wp-content\/uploads\/sites\/17\/2025\/01\/logo-musee-des-augustins-1.svg","caption":"Mus\u00e9e des Augustins"},"image":{"@id":"https:\/\/augustins.toulouse.fr\/en\/#\/schema\/logo\/image\/"}}]}},"_links":{"self":[{"href":"https:\/\/augustins.toulouse.fr\/en\/wp-json\/wp\/v2\/pages\/5937","targetHints":{"allow":["GET"]}}],"collection":[{"href":"https:\/\/augustins.toulouse.fr\/en\/wp-json\/wp\/v2\/pages"}],"about":[{"href":"https:\/\/augustins.toulouse.fr\/en\/wp-json\/wp\/v2\/types\/page"}],"author":[{"embeddable":true,"href":"https:\/\/augustins.toulouse.fr\/en\/wp-json\/wp\/v2\/users\/149"}],"replies":[{"embeddable":true,"href":"https:\/\/augustins.toulouse.fr\/en\/wp-json\/wp\/v2\/comments?post=5937"}],"version-history":[{"count":1,"href":"https:\/\/augustins.toulouse.fr\/en\/wp-json\/wp\/v2\/pages\/5937\/revisions"}],"predecessor-version":[{"id":5938,"href":"https:\/\/augustins.toulouse.fr\/en\/wp-json\/wp\/v2\/pages\/5937\/revisions\/5938"}],"wp:attachment":[{"href":"https:\/\/augustins.toulouse.fr\/en\/wp-json\/wp\/v2\/media?parent=5937"}],"curies":[{"name":"wp","href":"https:\/\/api.w.org\/{rel}","templated":true}]}}