{"id":5923,"date":"2025-09-16T10:38:34","date_gmt":"2025-09-16T08:38:34","guid":{"rendered":"https:\/\/augustins.toulouse.fr\/with-a-child\/"},"modified":"2026-04-30T15:15:49","modified_gmt":"2026-04-30T13:15:49","slug":"with-a-child","status":"publish","type":"page","link":"http:\/\/augustins.toulouse.fr\/en\/with-a-child\/","title":{"rendered":"With a child"},"content":{"rendered":"<section class=\"section-group\"><div class=\"container\"><div class=\"pure-g\">\n<div class=\"wp-block-group is-layout-constrained wp-block-group-is-layout-constrained\">\n<div class=\"wp-block-cover is-light\" style=\"min-height:343px;aspect-ratio:unset;\"><img loading=\"lazy\" decoding=\"async\" width=\"1200\" height=\"694\" class=\"wp-block-cover__image-background wp-image-3940 size-full\" alt=\"\" src=\"https:\/\/augustins.toulouse.fr\/wp-content\/uploads\/sites\/17\/2025\/12\/AUG_COM_MANIF_03114_1200px.jpg\" style=\"object-position:44% 28%\" data-object-fit=\"cover\" data-object-position=\"44% 28%\" srcset=\"https:\/\/augustins.toulouse.fr\/wp-content\/uploads\/sites\/17\/2025\/12\/AUG_COM_MANIF_03114_1200px.jpg 1200w, https:\/\/augustins.toulouse.fr\/wp-content\/uploads\/sites\/17\/2025\/12\/AUG_COM_MANIF_03114_1200px-300x174.jpg 300w, https:\/\/augustins.toulouse.fr\/wp-content\/uploads\/sites\/17\/2025\/12\/AUG_COM_MANIF_03114_1200px-1024x592.jpg 1024w, https:\/\/augustins.toulouse.fr\/wp-content\/uploads\/sites\/17\/2025\/12\/AUG_COM_MANIF_03114_1200px-768x444.jpg 768w, https:\/\/augustins.toulouse.fr\/wp-content\/uploads\/sites\/17\/2025\/12\/AUG_COM_MANIF_03114_1200px-414x239.jpg 414w\" sizes=\"(max-width: 1200px) 100vw, 1200px\" \/><span aria-hidden=\"true\" class=\"wp-block-cover__background has-background-dim-0 has-background-dim\"><\/span><div class=\"wp-block-cover__inner-container is-layout-constrained wp-block-cover-is-layout-constrained\">\n<p class=\"has-text-align-center is-style-default has-large-font-size\"><\/p>\n<\/div><\/div>\n\n\n\n<p>The Mus\u00e9e des Augustins is committed to a family-friendly approach so everyone has access to art and culture, from a very early age. We\u2019ve designed the itinerary to be interesting, fun and easy for everyone to enjoy.<\/p>\n\n\n\n<h2 class=\"wp-block-heading\" id=\"des-dispositifs-de-mediation-pour-les-familles\">Mediation resources for families <\/h2>\n\n\n\n<p>Throughout the visit, you\u2019ll find special play areas, colourful, fun-to-read fact sheets, and sensory devices. So you have fun and learn at the same time.<\/p>\n\n\n\n<h3 class=\"wp-block-heading\" id=\"musee-a-jouer\">The Play along area<\/h3>\n\n\n\n<p>You\u2019ll find mediation resources in all the museum galleries. The Play along area offers a creative interlude for families, so you find out more about the museum collections through fun games. This space is designed to provide a little break from the museum tour, where you can touch, create, observe and play to your heart\u2019s content. <\/p>\n\n\n\n<p>&gt; On the Darcy staircase: <strong>hidden shadow<\/strong> (guess the sculpture from the shape of its shadow),<strong> stained glass workshop<\/strong> (make colourful patterns on a light table), <strong>the landscape game<\/strong>.<\/p>\n\n\n\n<h3 class=\"wp-block-heading\" id=\"des-jeux-pour-decouvrir-les-oeuvres-en-famille\">Games to explore the artworks as a family<\/h3>\n\n\n\n<p>You\u2019ll find lots of information cards and freely available resources throughout your visit. To delve deeper into the collections, take advantage of :<\/p>\n\n\n\n<ul class=\"wp-block-list\">\n<li><a href=\"https:\/\/augustins.toulouse.fr\/nos-fiches-de-salle\/\" target=\"_blank\" rel=\"noreferrer noopener\">game cards<\/a> in every museum gallery<\/li>\n\n\n\n<li><a href=\"https:\/\/augustins.toulouse.fr\/nos-fiches-de-salle\/\" target=\"_blank\" rel=\"noreferrer noopener\">\u2018Spot-the-details treasure hunt\u2019<\/a> to take a closer look at the artworks throughout your tour<\/li>\n\n\n\n<li><a href=\"https:\/\/augustins.toulouse.fr\/nos-fiches-de-salle\/\" target=\"_blank\" rel=\"noreferrer noopener\">fun fact sheets<\/a> (comic book characters).<\/li>\n<\/ul>\n\n\n\n<h2 class=\"wp-block-heading\" id=\"une-programmation-culturelle-pour-le-jeune-public\">A cultural programme for children<\/h2>\n\n\n\n<p>You can take part in a host of activities for children and families all year round: art and crafts workshops, storytelling, activities for babies, shows, yoga, family tours\u2026 and lots of surprises !<\/p>\n\n\n\n<h3 class=\"wp-block-heading\" id=\"petits-pas-au-musee-des-2-ans\">First steps in the museum (from age 2)<\/h3>\n\n\n\n<p>Turn the museum into a fantastic playground of discovery ? With \u2018First steps in the museum\u2019, share an unforgettable experience as a family (from age 2). <\/p>\n\n\n\n<p><strong>During school holidays<\/strong>. More info in the <a href=\"https:\/\/augustins.toulouse.fr\/agenda\/\">\u2018Exhibitions and events\u2019<\/a> section.<br\/>Free of charge: make your way to the museum\u2019s group area<br\/><\/p>\n\n\n\n<div style=\"height:100px\" aria-hidden=\"true\" class=\"wp-block-spacer\"><\/div>\n\n\n\n<div class=\"wp-block-media-text is-stacked-on-mobile has-linen-background-color has-background\" style=\"grid-template-columns:31% auto\"><figure class=\"wp-block-media-text__media\"><img loading=\"lazy\" decoding=\"async\" width=\"1024\" height=\"913\" src=\"https:\/\/augustins.toulouse.fr\/wp-content\/uploads\/sites\/17\/2025\/12\/IMG_1422_1200px-1024x913.jpg\" alt=\"\" class=\"wp-image-4072 size-full\" srcset=\"https:\/\/augustins.toulouse.fr\/wp-content\/uploads\/sites\/17\/2025\/12\/IMG_1422_1200px-1024x913.jpg 1024w, https:\/\/augustins.toulouse.fr\/wp-content\/uploads\/sites\/17\/2025\/12\/IMG_1422_1200px-300x268.jpg 300w, https:\/\/augustins.toulouse.fr\/wp-content\/uploads\/sites\/17\/2025\/12\/IMG_1422_1200px-768x685.jpg 768w, https:\/\/augustins.toulouse.fr\/wp-content\/uploads\/sites\/17\/2025\/12\/IMG_1422_1200px-414x369.jpg 414w, https:\/\/augustins.toulouse.fr\/wp-content\/uploads\/sites\/17\/2025\/12\/IMG_1422_1200px.jpg 1200w\" sizes=\"(max-width: 1024px) 100vw, 1024px\" \/><\/figure><div class=\"wp-block-media-text__content\">\n<h3 class=\"wp-block-heading\" id=\"bebesomusee-une-visite-sur-mesure-pour-les-tout-petits\">B\u00e9b\u00e9s\u00d4mus\u00e9e, a tailor-made tour for our youngest visitors<\/h3>\n\n\n\n<p>Listen, touch, feel, play\u2026 A gentle museum tour, full of games, stories and songs, for a unique parent-child experience. <\/p>\n\n\n\n<p>For infants aged from 12 to 24 months. Please <a href=\"https:\/\/billetterie.musee-augustins.toulouse.fr\/\">book in advance<\/a>*<\/p>\n\n\n\n<p>*<em>Only for children. To limit the size of the group, we only accept one accompanying adult per child.<\/em><\/p>\n<\/div><\/div>\n<\/div>\n<\/div><\/div><\/section><section class=\"section-group\"><div class=\"container\"><div class=\"pure-g\">\n<div class=\"wp-block-group is-layout-constrained wp-block-group-is-layout-constrained\">\n<h3 class=\"wp-block-heading\" id=\"ateliers-artistiques-pour-tous\">Artistic workshops for everyone <\/h3>\n<\/div>\n<\/div><\/div><\/section><section class=\"section-group\"><div class=\"container\"><div class=\"pure-g\">\n<div class=\"wp-block-group is-layout-constrained wp-block-group-is-layout-constrained\">\n<p>On the first Sunday of every month, admission is free, and the museum team runs artistic workshops open to everyone from 10.30 am to 5.30 pm. <\/p>\n<\/div>\n<\/div><\/div><\/section>\n<div style=\"height:100px\" aria-hidden=\"true\" class=\"wp-block-spacer\"><\/div>\n<section class=\"section-group\"><div class=\"container\"><div class=\"pure-g\">\n<div class=\"wp-block-group is-layout-constrained wp-block-group-is-layout-constrained\">\n<div class=\"wp-block-buttons is-layout-flex wp-block-buttons-is-layout-flex\">\n<div class=\"wp-block-button\"><a class=\"wp-block-button__link wp-element-button\" href=\"&lt;!--[CDATA[https:\/\/augustins.toulouse.fr\/agenda\/]]--&gt;\">CHECK OUT ALL OUR ACTIVITIES FOR CHILDREN AND FAMILIES<\/a><\/div>\n<\/div>\n<\/div>\n<\/div><\/div><\/section>\n<div style=\"height:100px\" aria-hidden=\"true\" class=\"wp-block-spacer\"><\/div>\n","protected":false},"excerpt":{"rendered":"<p>The Mus\u00e9e des Augustins is committed to a family-friendly approach so everyone has access to art and culture, from a very early age. We\u2019ve designed the itinerary to be interesting, fun and easy for everyone&hellip;<\/p>\n","protected":false},"author":151,"featured_media":0,"parent":0,"menu_order":0,"comment_status":"closed","ping_status":"closed","template":"","meta":{"_acf_changed":false,"footnotes":""},"class_list":["post-5923","page","type-page","status-publish","hentry"],"acf":[],"yoast_head":"<!-- This site is optimized with the Yoast SEO plugin v27.0 - https:\/\/yoast.com\/product\/yoast-seo-wordpress\/ -->\n<title>With a child - Mus\u00e9e des Augustins<\/title>\n<meta name=\"description\" content=\"Visit the museum with the family ! The Mus\u00e9e des Augustins offers a wide range of activities to enjoy with your children.\" \/>\n<meta name=\"robots\" content=\"index, follow, max-snippet:-1, max-image-preview:large, max-video-preview:-1\" \/>\n<link rel=\"canonical\" href=\"http:\/\/augustins.toulouse.fr\/en\/with-a-child\/\" \/>\n<meta property=\"og:locale\" content=\"en_US\" \/>\n<meta property=\"og:type\" content=\"article\" \/>\n<meta property=\"og:title\" content=\"With a child - Mus\u00e9e des Augustins\" \/>\n<meta property=\"og:description\" content=\"Visit the museum with the family ! The Mus\u00e9e des Augustins offers a wide range of activities to enjoy with your children.\" \/>\n<meta property=\"og:url\" content=\"http:\/\/augustins.toulouse.fr\/en\/with-a-child\/\" \/>\n<meta property=\"og:site_name\" content=\"Mus\u00e9e des Augustins\" \/>\n<meta property=\"article:modified_time\" content=\"2026-04-30T13:15:49+00:00\" \/>\n<meta property=\"og:image\" content=\"https:\/\/augustins.toulouse.fr\/wp-content\/uploads\/sites\/17\/2025\/12\/AUG_COM_MANIF_03114_1200px.jpg\" \/>\n\t<meta property=\"og:image:width\" content=\"1200\" \/>\n\t<meta property=\"og:image:height\" content=\"694\" \/>\n\t<meta property=\"og:image:type\" content=\"image\/jpeg\" \/>\n<meta name=\"twitter:card\" content=\"summary_large_image\" \/>\n<meta name=\"twitter:label1\" content=\"Est. reading time\" \/>\n\t<meta name=\"twitter:data1\" content=\"2 minutes\" \/>\n<script type=\"application\/ld+json\" class=\"yoast-schema-graph\">{\"@context\":\"https:\/\/schema.org\",\"@graph\":[{\"@type\":\"WebPage\",\"@id\":\"http:\/\/augustins.toulouse.fr\/en\/with-a-child\/\",\"url\":\"http:\/\/augustins.toulouse.fr\/en\/with-a-child\/\",\"name\":\"With a child - Mus\u00e9e des Augustins\",\"isPartOf\":{\"@id\":\"https:\/\/augustins.toulouse.fr\/en\/#website\"},\"primaryImageOfPage\":{\"@id\":\"http:\/\/augustins.toulouse.fr\/en\/with-a-child\/#primaryimage\"},\"image\":{\"@id\":\"http:\/\/augustins.toulouse.fr\/en\/with-a-child\/#primaryimage\"},\"thumbnailUrl\":\"https:\/\/augustins.toulouse.fr\/wp-content\/uploads\/sites\/17\/2025\/12\/AUG_COM_MANIF_03114_1200px.jpg\",\"datePublished\":\"2025-09-16T08:38:34+00:00\",\"dateModified\":\"2026-04-30T13:15:49+00:00\",\"description\":\"Visit the museum with the family ! The Mus\u00e9e des Augustins offers a wide range of activities to enjoy with your children.\",\"breadcrumb\":{\"@id\":\"http:\/\/augustins.toulouse.fr\/en\/with-a-child\/#breadcrumb\"},\"inLanguage\":\"en-US\",\"potentialAction\":[{\"@type\":\"ReadAction\",\"target\":[\"http:\/\/augustins.toulouse.fr\/en\/with-a-child\/\"]}]},{\"@type\":\"ImageObject\",\"inLanguage\":\"en-US\",\"@id\":\"http:\/\/augustins.toulouse.fr\/en\/with-a-child\/#primaryimage\",\"url\":\"https:\/\/augustins.toulouse.fr\/wp-content\/uploads\/sites\/17\/2025\/12\/AUG_COM_MANIF_03114_1200px.jpg\",\"contentUrl\":\"https:\/\/augustins.toulouse.fr\/wp-content\/uploads\/sites\/17\/2025\/12\/AUG_COM_MANIF_03114_1200px.jpg\"},{\"@type\":\"BreadcrumbList\",\"@id\":\"http:\/\/augustins.toulouse.fr\/en\/with-a-child\/#breadcrumb\",\"itemListElement\":[{\"@type\":\"ListItem\",\"position\":1,\"name\":\"Accueil\",\"item\":\"https:\/\/augustins.toulouse.fr\/en\/\"},{\"@type\":\"ListItem\",\"position\":2,\"name\":\"With a child\"}]},{\"@type\":\"WebSite\",\"@id\":\"https:\/\/augustins.toulouse.fr\/en\/#website\",\"url\":\"https:\/\/augustins.toulouse.fr\/en\/\",\"name\":\"Mus\u00e9e des Augustins\",\"description\":\"\",\"publisher\":{\"@id\":\"https:\/\/augustins.toulouse.fr\/en\/#organization\"},\"potentialAction\":[{\"@type\":\"SearchAction\",\"target\":{\"@type\":\"EntryPoint\",\"urlTemplate\":\"https:\/\/augustins.toulouse.fr\/en\/search\/{search_term_string}\"},\"query-input\":{\"@type\":\"PropertyValueSpecification\",\"valueRequired\":true,\"valueName\":\"search_term_string\"}}],\"inLanguage\":\"en-US\"},{\"@type\":\"Organization\",\"@id\":\"https:\/\/augustins.toulouse.fr\/en\/#organization\",\"name\":\"Mus\u00e9e des Augustins\",\"url\":\"https:\/\/augustins.toulouse.fr\/en\/\",\"logo\":{\"@type\":\"ImageObject\",\"inLanguage\":\"en-US\",\"@id\":\"https:\/\/augustins.toulouse.fr\/en\/#\/schema\/logo\/image\/\",\"url\":\"https:\/\/augustins.toulouse.fr\/wp-content\/uploads\/sites\/17\/2025\/01\/logo-musee-des-augustins-1.svg\",\"contentUrl\":\"https:\/\/augustins.toulouse.fr\/wp-content\/uploads\/sites\/17\/2025\/01\/logo-musee-des-augustins-1.svg\",\"caption\":\"Mus\u00e9e des Augustins\"},\"image\":{\"@id\":\"https:\/\/augustins.toulouse.fr\/en\/#\/schema\/logo\/image\/\"}}]}<\/script>\n<!-- \/ Yoast SEO plugin. -->","yoast_head_json":{"title":"With a child - Mus\u00e9e des Augustins","description":"Visit the museum with the family ! The Mus\u00e9e des Augustins offers a wide range of activities to enjoy with your children.","robots":{"index":"index","follow":"follow","max-snippet":"max-snippet:-1","max-image-preview":"max-image-preview:large","max-video-preview":"max-video-preview:-1"},"canonical":"http:\/\/augustins.toulouse.fr\/en\/with-a-child\/","og_locale":"en_US","og_type":"article","og_title":"With a child - Mus\u00e9e des Augustins","og_description":"Visit the museum with the family ! The Mus\u00e9e des Augustins offers a wide range of activities to enjoy with your children.","og_url":"http:\/\/augustins.toulouse.fr\/en\/with-a-child\/","og_site_name":"Mus\u00e9e des Augustins","article_modified_time":"2026-04-30T13:15:49+00:00","og_image":[{"width":1200,"height":694,"url":"https:\/\/augustins.toulouse.fr\/wp-content\/uploads\/sites\/17\/2025\/12\/AUG_COM_MANIF_03114_1200px.jpg","type":"image\/jpeg"}],"twitter_card":"summary_large_image","twitter_misc":{"Est. reading time":"2 minutes"},"schema":{"@context":"https:\/\/schema.org","@graph":[{"@type":"WebPage","@id":"http:\/\/augustins.toulouse.fr\/en\/with-a-child\/","url":"http:\/\/augustins.toulouse.fr\/en\/with-a-child\/","name":"With a child - Mus\u00e9e des Augustins","isPartOf":{"@id":"https:\/\/augustins.toulouse.fr\/en\/#website"},"primaryImageOfPage":{"@id":"http:\/\/augustins.toulouse.fr\/en\/with-a-child\/#primaryimage"},"image":{"@id":"http:\/\/augustins.toulouse.fr\/en\/with-a-child\/#primaryimage"},"thumbnailUrl":"https:\/\/augustins.toulouse.fr\/wp-content\/uploads\/sites\/17\/2025\/12\/AUG_COM_MANIF_03114_1200px.jpg","datePublished":"2025-09-16T08:38:34+00:00","dateModified":"2026-04-30T13:15:49+00:00","description":"Visit the museum with the family ! The Mus\u00e9e des Augustins offers a wide range of activities to enjoy with your children.","breadcrumb":{"@id":"http:\/\/augustins.toulouse.fr\/en\/with-a-child\/#breadcrumb"},"inLanguage":"en-US","potentialAction":[{"@type":"ReadAction","target":["http:\/\/augustins.toulouse.fr\/en\/with-a-child\/"]}]},{"@type":"ImageObject","inLanguage":"en-US","@id":"http:\/\/augustins.toulouse.fr\/en\/with-a-child\/#primaryimage","url":"https:\/\/augustins.toulouse.fr\/wp-content\/uploads\/sites\/17\/2025\/12\/AUG_COM_MANIF_03114_1200px.jpg","contentUrl":"https:\/\/augustins.toulouse.fr\/wp-content\/uploads\/sites\/17\/2025\/12\/AUG_COM_MANIF_03114_1200px.jpg"},{"@type":"BreadcrumbList","@id":"http:\/\/augustins.toulouse.fr\/en\/with-a-child\/#breadcrumb","itemListElement":[{"@type":"ListItem","position":1,"name":"Accueil","item":"https:\/\/augustins.toulouse.fr\/en\/"},{"@type":"ListItem","position":2,"name":"With a child"}]},{"@type":"WebSite","@id":"https:\/\/augustins.toulouse.fr\/en\/#website","url":"https:\/\/augustins.toulouse.fr\/en\/","name":"Mus\u00e9e des Augustins","description":"","publisher":{"@id":"https:\/\/augustins.toulouse.fr\/en\/#organization"},"potentialAction":[{"@type":"SearchAction","target":{"@type":"EntryPoint","urlTemplate":"https:\/\/augustins.toulouse.fr\/en\/search\/{search_term_string}"},"query-input":{"@type":"PropertyValueSpecification","valueRequired":true,"valueName":"search_term_string"}}],"inLanguage":"en-US"},{"@type":"Organization","@id":"https:\/\/augustins.toulouse.fr\/en\/#organization","name":"Mus\u00e9e des Augustins","url":"https:\/\/augustins.toulouse.fr\/en\/","logo":{"@type":"ImageObject","inLanguage":"en-US","@id":"https:\/\/augustins.toulouse.fr\/en\/#\/schema\/logo\/image\/","url":"https:\/\/augustins.toulouse.fr\/wp-content\/uploads\/sites\/17\/2025\/01\/logo-musee-des-augustins-1.svg","contentUrl":"https:\/\/augustins.toulouse.fr\/wp-content\/uploads\/sites\/17\/2025\/01\/logo-musee-des-augustins-1.svg","caption":"Mus\u00e9e des Augustins"},"image":{"@id":"https:\/\/augustins.toulouse.fr\/en\/#\/schema\/logo\/image\/"}}]}},"_links":{"self":[{"href":"https:\/\/augustins.toulouse.fr\/en\/wp-json\/wp\/v2\/pages\/5923","targetHints":{"allow":["GET"]}}],"collection":[{"href":"https:\/\/augustins.toulouse.fr\/en\/wp-json\/wp\/v2\/pages"}],"about":[{"href":"https:\/\/augustins.toulouse.fr\/en\/wp-json\/wp\/v2\/types\/page"}],"author":[{"embeddable":true,"href":"https:\/\/augustins.toulouse.fr\/en\/wp-json\/wp\/v2\/users\/151"}],"replies":[{"embeddable":true,"href":"https:\/\/augustins.toulouse.fr\/en\/wp-json\/wp\/v2\/comments?post=5923"}],"version-history":[{"count":3,"href":"https:\/\/augustins.toulouse.fr\/en\/wp-json\/wp\/v2\/pages\/5923\/revisions"}],"predecessor-version":[{"id":5926,"href":"https:\/\/augustins.toulouse.fr\/en\/wp-json\/wp\/v2\/pages\/5923\/revisions\/5926"}],"wp:attachment":[{"href":"https:\/\/augustins.toulouse.fr\/en\/wp-json\/wp\/v2\/media?parent=5923"}],"curies":[{"name":"wp","href":"https:\/\/api.w.org\/{rel}","templated":true}]}}