{"id":5919,"date":"2025-09-16T10:39:59","date_gmt":"2025-09-16T08:39:59","guid":{"rendered":"https:\/\/augustins.toulouse.fr\/student\/"},"modified":"2026-04-30T15:16:32","modified_gmt":"2026-04-30T13:16:32","slug":"student","status":"publish","type":"page","link":"http:\/\/augustins.toulouse.fr\/en\/student\/","title":{"rendered":"Student"},"content":{"rendered":"<section class=\"section-group\"><div class=\"container\"><div class=\"pure-g\">\n<div class=\"wp-block-group is-layout-constrained wp-block-group-is-layout-constrained\"><section class=\"section-group\"><div class=\"container\"><div class=\"pure-g\">\n<div class=\"wp-block-group is-layout-constrained wp-block-group-is-layout-constrained\">\n<div class=\"wp-block-cover has-medium-font-size\" style=\"min-height:316px;aspect-ratio:unset;\"><img loading=\"lazy\" decoding=\"async\" width=\"1200\" height=\"900\" class=\"wp-block-cover__image-background wp-image-3891 size-full\" alt=\"\" src=\"https:\/\/augustins.toulouse.fr\/wp-content\/uploads\/sites\/17\/2025\/12\/20231005_203054_1200px.jpg\" style=\"object-position:48% 56%\" data-object-fit=\"cover\" data-object-position=\"48% 56%\" srcset=\"https:\/\/augustins.toulouse.fr\/wp-content\/uploads\/sites\/17\/2025\/12\/20231005_203054_1200px.jpg 1200w, https:\/\/augustins.toulouse.fr\/wp-content\/uploads\/sites\/17\/2025\/12\/20231005_203054_1200px-300x225.jpg 300w, https:\/\/augustins.toulouse.fr\/wp-content\/uploads\/sites\/17\/2025\/12\/20231005_203054_1200px-1024x768.jpg 1024w, https:\/\/augustins.toulouse.fr\/wp-content\/uploads\/sites\/17\/2025\/12\/20231005_203054_1200px-768x576.jpg 768w, https:\/\/augustins.toulouse.fr\/wp-content\/uploads\/sites\/17\/2025\/12\/20231005_203054_1200px-414x311.jpg 414w\" sizes=\"(max-width: 1200px) 100vw, 1200px\" \/><span aria-hidden=\"true\" class=\"wp-block-cover__background has-background-dim-0 has-background-dim\"><\/span><div class=\"wp-block-cover__inner-container is-layout-constrained wp-block-cover-is-layout-constrained\">\n<p class=\"has-text-align-center has-large-font-size\"><\/p>\n<\/div><\/div>\n<\/div>\n<\/div><\/div><\/section>\n\n\n<p>The Mus\u00e9e des Augustins has been building strong ties with the student community for almost twenty years. We continue to uphold that long-established commitment by crafting experiences designed for all students.  <\/p>\n\n\n\n<h2 class=\"wp-block-heading\" id=\"le-public-etudiant-au-coeur-du-musee\">The student community in the heat of the museum <\/h2>\n<\/div>\n<\/div><\/div><\/section><section class=\"section-group\"><div class=\"container\"><div class=\"pure-g\">\n<div class=\"wp-block-group is-layout-constrained wp-block-group-is-layout-constrained\">\n<p>The museum fosters long-term partnerships with several higher education institutions. They allow students to get fully involved in the museum\u2019s cultural programme. For example, the \u2018Let\u2019s talk art\u2019 scheme lets students offer visitors an expert description of the paintings and sculptures every weekend (except during school holidays).   <\/p>\n<\/div>\n<\/div><\/div><\/section><section class=\"section-group\"><div class=\"container\"><div class=\"pure-g\">\n<div class=\"wp-block-group is-layout-constrained wp-block-group-is-layout-constrained\">\n<h2 class=\"wp-block-heading\" id=\"une-offre-etudiant-accessible-et-avantageuse\">Affordable deals for all students<\/h2>\n<\/div>\n<\/div><\/div><\/section><section class=\"section-group\"><div class=\"container\"><div class=\"pure-g\">\n<div class=\"wp-block-group is-layout-constrained wp-block-group-is-layout-constrained\">\n<p>Throughout the year, students can take advantage of a special admission rate, along with a host of affordable cultural and artistic activities. Some events, such as special late-night opening sessions, are directly aimed at the student community, like the events organised during Students\u2019 Week.  <\/p>\n<\/div>\n<\/div><\/div><\/section><section class=\"section-group\"><div class=\"container\"><div class=\"pure-g\">\n<div class=\"wp-block-group is-layout-constrained wp-block-group-is-layout-constrained\">\n<div style=\"height:69px\" aria-hidden=\"true\" class=\"wp-block-spacer\"><\/div>\n<\/div>\n<\/div><\/div><\/section><section class=\"section-group\"><div class=\"container\"><div class=\"pure-g\">\n<div class=\"wp-block-group is-layout-constrained wp-block-group-is-layout-constrained\">\n<div class=\"wp-block-media-text is-stacked-on-mobile\" style=\"grid-template-columns:36% auto\"><figure class=\"wp-block-media-text__media\"><img loading=\"lazy\" decoding=\"async\" width=\"643\" height=\"1024\" src=\"https:\/\/augustins.toulouse.fr\/wp-content\/uploads\/sites\/17\/2025\/12\/MDA-AFFICHE-1000X1600-V02-3_page-0001_1200px-643x1024.jpg\" alt=\"\" class=\"wp-image-3902 size-full\" srcset=\"https:\/\/augustins.toulouse.fr\/wp-content\/uploads\/sites\/17\/2025\/12\/MDA-AFFICHE-1000X1600-V02-3_page-0001_1200px-643x1024.jpg 643w, https:\/\/augustins.toulouse.fr\/wp-content\/uploads\/sites\/17\/2025\/12\/MDA-AFFICHE-1000X1600-V02-3_page-0001_1200px-189x300.jpg 189w, https:\/\/augustins.toulouse.fr\/wp-content\/uploads\/sites\/17\/2025\/12\/MDA-AFFICHE-1000X1600-V02-3_page-0001_1200px-260x414.jpg 260w, https:\/\/augustins.toulouse.fr\/wp-content\/uploads\/sites\/17\/2025\/12\/MDA-AFFICHE-1000X1600-V02-3_page-0001_1200px.jpg 754w\" sizes=\"(max-width: 643px) 100vw, 643px\" \/><\/figure><div class=\"wp-block-media-text__content\">\n<h2 class=\"wp-block-heading\" id=\"parlons-des-oeuvres-1\">Let\u2019s talk art<\/h2>\n\n\n\n<p>Students studying for a university degree in Cultural mediation and management at the Toulouse Catholic Institute (ICT), and art and literature students from the pre-higher education preparation classes at Saint-Sernin sixth form college, wait for visitors in the galleries and offer short (or longer!) theme-based description of the artworks on display. <\/p>\n\n\n\n<p><br\/> <strong>&gt;&gt; Outside of school holidays : <\/strong>Friday 2 pm to 6 pm; Saturday and Sunday 3.30 pm to 6 pm; first Sunday of the month 10 am to 6 pm (free admission) and during the monthly late-night opening sessions from 6 pm to 9 pm<\/p>\n\n\n\n<p><strong>&gt; Free of charge<\/strong><\/p>\n\n\n\n<h3 class=\"wp-block-heading\" id=\"comment-ca-marche\">How does it work?<\/h3>\n\n\n\n<p>There\u2019s no need to book in advance. The young mediators will be waiting for you in the galleries. The approach is relaxed and conversational.   <\/p>\n<\/div><\/div>\n<\/div>\n<\/div><\/div><\/section>\n<div style=\"height:80px\" aria-hidden=\"true\" class=\"wp-block-spacer\"><\/div>\n<section class=\"section-group\"><div class=\"container\"><div class=\"pure-g\">\n<div class=\"wp-block-group is-layout-constrained wp-block-group-is-layout-constrained\">\n<h2 class=\"wp-block-heading\" id=\"et-aussi\">And more\u2026<\/h2>\n<\/div>\n<\/div><\/div><\/section><section class=\"section-group\"><div class=\"container\"><div class=\"pure-g\">\n<div class=\"wp-block-group is-layout-constrained wp-block-group-is-layout-constrained\">\n<ul class=\"wp-block-list\">\n<li>Free admission for all students during Students\u2019 Week (6 to 15 March 2026).<\/li>\n\n\n\n<li>Annual membership of the \u2018Amis du mus\u00e9e des Augustins\u2019 patronage association for just \u20ac5 for students under 25. It gives you free admission to the museum and a <a href=\"https:\/\/www.amis-des-augustins.fr\/\" target=\"_blank\" rel=\"noreferrer noopener\">packed cultural programme<\/a>, all year round: lectures, residencies, screenings, special events and tours. <\/li>\n\n\n\n<li>Lower rates for artistic activities and art history lectures: figure drawing classes, conversations about art, museum drawing workshop, and more. <\/li>\n\n\n\n<li>Activities available to students all year round: yoga, festive late-night sessions, concerts, shows, etc. <\/li>\n<\/ul>\n\n\n\n<div style=\"height:100px\" aria-hidden=\"true\" class=\"wp-block-spacer\"><\/div>\n\n\n\n<h2 class=\"wp-block-heading\" id=\"visitez-le-musee-avec-un-groupe-d-etudiants\">Visit the museum with a group of students<\/h2>\n\n\n\n<p>Fancy visiting the Mus\u00e9e des Augustins with a group of students*? Find out what\u2019s available and book a slot using the <a href=\"https:\/\/augustins.toulouse.fr\/en-groupe\/\">online form<\/a>.  <\/p>\n\n\n\n<p><em>*Higher education institutions offering academic courses leading to a diploma: universities, vocational sixth-form colleges, BTS (technical courses), etc.<\/em><\/p>\n<\/div>\n<\/div><\/div><\/section><section class=\"section-group\"><div class=\"container\"><div class=\"pure-g\">\n<div class=\"wp-block-group is-layout-constrained wp-block-group-is-layout-constrained\"><\/div>\n<\/div><\/div><\/section><section class=\"section-group\"><div class=\"container\"><div class=\"pure-g\">\n<div class=\"wp-block-group is-layout-constrained wp-block-group-is-layout-constrained\">\n<div style=\"height:40px\" aria-hidden=\"true\" class=\"wp-block-spacer\"><\/div>\n<\/div>\n<\/div><\/div><\/section><section class=\"section-group\"><div class=\"container\"><div class=\"pure-g\">\n<div class=\"wp-block-group is-layout-constrained wp-block-group-is-layout-constrained\">\n<div class=\"wp-block-buttons is-horizontal is-content-justification-center is-layout-flex wp-container-core-buttons-is-layout-499968f5 wp-block-buttons-is-layout-flex\">\n<div class=\"wp-block-button is-style-default\"><a class=\"wp-block-button__link   has-black-color has-emerald-background-color has-text-color has-background has-link-color wp-element-button\" href=\"]]&amp;gt;\"><strong>CHECK OUT THE MUSEUM\u2019S CULTURAL PROGRAMME<\/strong><\/a><\/div>\n<\/div>\n<\/div>\n<\/div><\/div><\/section>\n<div style=\"height:100px\" aria-hidden=\"true\" class=\"wp-block-spacer\"><\/div>\n","protected":false},"excerpt":{"rendered":"<p>The Mus\u00e9e des Augustins has been building strong ties with the student community for almost twenty years. We continue to uphold that long-established commitment by crafting experiences designed for all students. The student community in&hellip;<\/p>\n","protected":false},"author":151,"featured_media":0,"parent":0,"menu_order":0,"comment_status":"closed","ping_status":"closed","template":"","meta":{"_acf_changed":false,"footnotes":""},"class_list":["post-5919","page","type-page","status-publish","hentry"],"acf":[],"yoast_head":"<!-- This site is optimized with the Yoast SEO plugin v27.0 - https:\/\/yoast.com\/product\/yoast-seo-wordpress\/ -->\n<title>Student - Mus\u00e9e des Augustins<\/title>\n<meta name=\"description\" content=\"D\u00e9couvrez les rendez-vous \u00e9tudiants du mus\u00e9e des Augustins : nocturnes, visites, ateliers, concerts, conf\u00e9rences et \u00e9v\u00e8nements festifs.\" \/>\n<meta name=\"robots\" content=\"index, follow, max-snippet:-1, max-image-preview:large, max-video-preview:-1\" \/>\n<link rel=\"canonical\" href=\"http:\/\/augustins.toulouse.fr\/en\/student\/\" \/>\n<meta property=\"og:locale\" content=\"en_US\" \/>\n<meta property=\"og:type\" content=\"article\" \/>\n<meta property=\"og:title\" content=\"Student - Mus\u00e9e des Augustins\" \/>\n<meta property=\"og:description\" content=\"D\u00e9couvrez les rendez-vous \u00e9tudiants du mus\u00e9e des Augustins : nocturnes, visites, ateliers, concerts, conf\u00e9rences et \u00e9v\u00e8nements festifs.\" \/>\n<meta property=\"og:url\" content=\"http:\/\/augustins.toulouse.fr\/en\/student\/\" \/>\n<meta property=\"og:site_name\" content=\"Mus\u00e9e des Augustins\" \/>\n<meta property=\"article:modified_time\" content=\"2026-04-30T13:16:32+00:00\" \/>\n<meta property=\"og:image\" content=\"https:\/\/augustins.toulouse.fr\/wp-content\/uploads\/sites\/17\/2025\/12\/20231005_203054_1200px.jpg\" \/>\n\t<meta property=\"og:image:width\" content=\"1200\" \/>\n\t<meta property=\"og:image:height\" content=\"900\" \/>\n\t<meta property=\"og:image:type\" content=\"image\/jpeg\" \/>\n<meta name=\"twitter:card\" content=\"summary_large_image\" \/>\n<meta name=\"twitter:label1\" content=\"Est. reading time\" \/>\n\t<meta name=\"twitter:data1\" content=\"2 minutes\" \/>\n<script type=\"application\/ld+json\" class=\"yoast-schema-graph\">{\"@context\":\"https:\/\/schema.org\",\"@graph\":[{\"@type\":\"WebPage\",\"@id\":\"http:\/\/augustins.toulouse.fr\/en\/student\/\",\"url\":\"http:\/\/augustins.toulouse.fr\/en\/student\/\",\"name\":\"Student - Mus\u00e9e des Augustins\",\"isPartOf\":{\"@id\":\"https:\/\/augustins.toulouse.fr\/en\/#website\"},\"primaryImageOfPage\":{\"@id\":\"http:\/\/augustins.toulouse.fr\/en\/student\/#primaryimage\"},\"image\":{\"@id\":\"http:\/\/augustins.toulouse.fr\/en\/student\/#primaryimage\"},\"thumbnailUrl\":\"https:\/\/augustins.toulouse.fr\/wp-content\/uploads\/sites\/17\/2025\/12\/20231005_203054_1200px.jpg\",\"datePublished\":\"2025-09-16T08:39:59+00:00\",\"dateModified\":\"2026-04-30T13:16:32+00:00\",\"description\":\"D\u00e9couvrez les rendez-vous \u00e9tudiants du mus\u00e9e des Augustins : nocturnes, visites, ateliers, concerts, conf\u00e9rences et \u00e9v\u00e8nements festifs.\",\"breadcrumb\":{\"@id\":\"http:\/\/augustins.toulouse.fr\/en\/student\/#breadcrumb\"},\"inLanguage\":\"en-US\",\"potentialAction\":[{\"@type\":\"ReadAction\",\"target\":[\"http:\/\/augustins.toulouse.fr\/en\/student\/\"]}]},{\"@type\":\"ImageObject\",\"inLanguage\":\"en-US\",\"@id\":\"http:\/\/augustins.toulouse.fr\/en\/student\/#primaryimage\",\"url\":\"https:\/\/augustins.toulouse.fr\/wp-content\/uploads\/sites\/17\/2025\/12\/20231005_203054_1200px.jpg\",\"contentUrl\":\"https:\/\/augustins.toulouse.fr\/wp-content\/uploads\/sites\/17\/2025\/12\/20231005_203054_1200px.jpg\"},{\"@type\":\"BreadcrumbList\",\"@id\":\"http:\/\/augustins.toulouse.fr\/en\/student\/#breadcrumb\",\"itemListElement\":[{\"@type\":\"ListItem\",\"position\":1,\"name\":\"Accueil\",\"item\":\"https:\/\/augustins.toulouse.fr\/en\/\"},{\"@type\":\"ListItem\",\"position\":2,\"name\":\"Student\"}]},{\"@type\":\"WebSite\",\"@id\":\"https:\/\/augustins.toulouse.fr\/en\/#website\",\"url\":\"https:\/\/augustins.toulouse.fr\/en\/\",\"name\":\"Mus\u00e9e des Augustins\",\"description\":\"\",\"publisher\":{\"@id\":\"https:\/\/augustins.toulouse.fr\/en\/#organization\"},\"potentialAction\":[{\"@type\":\"SearchAction\",\"target\":{\"@type\":\"EntryPoint\",\"urlTemplate\":\"https:\/\/augustins.toulouse.fr\/en\/search\/{search_term_string}\"},\"query-input\":{\"@type\":\"PropertyValueSpecification\",\"valueRequired\":true,\"valueName\":\"search_term_string\"}}],\"inLanguage\":\"en-US\"},{\"@type\":\"Organization\",\"@id\":\"https:\/\/augustins.toulouse.fr\/en\/#organization\",\"name\":\"Mus\u00e9e des Augustins\",\"url\":\"https:\/\/augustins.toulouse.fr\/en\/\",\"logo\":{\"@type\":\"ImageObject\",\"inLanguage\":\"en-US\",\"@id\":\"https:\/\/augustins.toulouse.fr\/en\/#\/schema\/logo\/image\/\",\"url\":\"https:\/\/augustins.toulouse.fr\/wp-content\/uploads\/sites\/17\/2025\/01\/logo-musee-des-augustins-1.svg\",\"contentUrl\":\"https:\/\/augustins.toulouse.fr\/wp-content\/uploads\/sites\/17\/2025\/01\/logo-musee-des-augustins-1.svg\",\"caption\":\"Mus\u00e9e des Augustins\"},\"image\":{\"@id\":\"https:\/\/augustins.toulouse.fr\/en\/#\/schema\/logo\/image\/\"}}]}<\/script>\n<!-- \/ Yoast SEO plugin. -->","yoast_head_json":{"title":"Student - Mus\u00e9e des Augustins","description":"D\u00e9couvrez les rendez-vous \u00e9tudiants du mus\u00e9e des Augustins : nocturnes, visites, ateliers, concerts, conf\u00e9rences et \u00e9v\u00e8nements festifs.","robots":{"index":"index","follow":"follow","max-snippet":"max-snippet:-1","max-image-preview":"max-image-preview:large","max-video-preview":"max-video-preview:-1"},"canonical":"http:\/\/augustins.toulouse.fr\/en\/student\/","og_locale":"en_US","og_type":"article","og_title":"Student - Mus\u00e9e des Augustins","og_description":"D\u00e9couvrez les rendez-vous \u00e9tudiants du mus\u00e9e des Augustins : nocturnes, visites, ateliers, concerts, conf\u00e9rences et \u00e9v\u00e8nements festifs.","og_url":"http:\/\/augustins.toulouse.fr\/en\/student\/","og_site_name":"Mus\u00e9e des Augustins","article_modified_time":"2026-04-30T13:16:32+00:00","og_image":[{"width":1200,"height":900,"url":"https:\/\/augustins.toulouse.fr\/wp-content\/uploads\/sites\/17\/2025\/12\/20231005_203054_1200px.jpg","type":"image\/jpeg"}],"twitter_card":"summary_large_image","twitter_misc":{"Est. reading time":"2 minutes"},"schema":{"@context":"https:\/\/schema.org","@graph":[{"@type":"WebPage","@id":"http:\/\/augustins.toulouse.fr\/en\/student\/","url":"http:\/\/augustins.toulouse.fr\/en\/student\/","name":"Student - Mus\u00e9e des Augustins","isPartOf":{"@id":"https:\/\/augustins.toulouse.fr\/en\/#website"},"primaryImageOfPage":{"@id":"http:\/\/augustins.toulouse.fr\/en\/student\/#primaryimage"},"image":{"@id":"http:\/\/augustins.toulouse.fr\/en\/student\/#primaryimage"},"thumbnailUrl":"https:\/\/augustins.toulouse.fr\/wp-content\/uploads\/sites\/17\/2025\/12\/20231005_203054_1200px.jpg","datePublished":"2025-09-16T08:39:59+00:00","dateModified":"2026-04-30T13:16:32+00:00","description":"D\u00e9couvrez les rendez-vous \u00e9tudiants du mus\u00e9e des Augustins : nocturnes, visites, ateliers, concerts, conf\u00e9rences et \u00e9v\u00e8nements festifs.","breadcrumb":{"@id":"http:\/\/augustins.toulouse.fr\/en\/student\/#breadcrumb"},"inLanguage":"en-US","potentialAction":[{"@type":"ReadAction","target":["http:\/\/augustins.toulouse.fr\/en\/student\/"]}]},{"@type":"ImageObject","inLanguage":"en-US","@id":"http:\/\/augustins.toulouse.fr\/en\/student\/#primaryimage","url":"https:\/\/augustins.toulouse.fr\/wp-content\/uploads\/sites\/17\/2025\/12\/20231005_203054_1200px.jpg","contentUrl":"https:\/\/augustins.toulouse.fr\/wp-content\/uploads\/sites\/17\/2025\/12\/20231005_203054_1200px.jpg"},{"@type":"BreadcrumbList","@id":"http:\/\/augustins.toulouse.fr\/en\/student\/#breadcrumb","itemListElement":[{"@type":"ListItem","position":1,"name":"Accueil","item":"https:\/\/augustins.toulouse.fr\/en\/"},{"@type":"ListItem","position":2,"name":"Student"}]},{"@type":"WebSite","@id":"https:\/\/augustins.toulouse.fr\/en\/#website","url":"https:\/\/augustins.toulouse.fr\/en\/","name":"Mus\u00e9e des Augustins","description":"","publisher":{"@id":"https:\/\/augustins.toulouse.fr\/en\/#organization"},"potentialAction":[{"@type":"SearchAction","target":{"@type":"EntryPoint","urlTemplate":"https:\/\/augustins.toulouse.fr\/en\/search\/{search_term_string}"},"query-input":{"@type":"PropertyValueSpecification","valueRequired":true,"valueName":"search_term_string"}}],"inLanguage":"en-US"},{"@type":"Organization","@id":"https:\/\/augustins.toulouse.fr\/en\/#organization","name":"Mus\u00e9e des Augustins","url":"https:\/\/augustins.toulouse.fr\/en\/","logo":{"@type":"ImageObject","inLanguage":"en-US","@id":"https:\/\/augustins.toulouse.fr\/en\/#\/schema\/logo\/image\/","url":"https:\/\/augustins.toulouse.fr\/wp-content\/uploads\/sites\/17\/2025\/01\/logo-musee-des-augustins-1.svg","contentUrl":"https:\/\/augustins.toulouse.fr\/wp-content\/uploads\/sites\/17\/2025\/01\/logo-musee-des-augustins-1.svg","caption":"Mus\u00e9e des Augustins"},"image":{"@id":"https:\/\/augustins.toulouse.fr\/en\/#\/schema\/logo\/image\/"}}]}},"_links":{"self":[{"href":"https:\/\/augustins.toulouse.fr\/en\/wp-json\/wp\/v2\/pages\/5919","targetHints":{"allow":["GET"]}}],"collection":[{"href":"https:\/\/augustins.toulouse.fr\/en\/wp-json\/wp\/v2\/pages"}],"about":[{"href":"https:\/\/augustins.toulouse.fr\/en\/wp-json\/wp\/v2\/types\/page"}],"author":[{"embeddable":true,"href":"https:\/\/augustins.toulouse.fr\/en\/wp-json\/wp\/v2\/users\/151"}],"replies":[{"embeddable":true,"href":"https:\/\/augustins.toulouse.fr\/en\/wp-json\/wp\/v2\/comments?post=5919"}],"version-history":[{"count":3,"href":"https:\/\/augustins.toulouse.fr\/en\/wp-json\/wp\/v2\/pages\/5919\/revisions"}],"predecessor-version":[{"id":5928,"href":"https:\/\/augustins.toulouse.fr\/en\/wp-json\/wp\/v2\/pages\/5919\/revisions\/5928"}],"wp:attachment":[{"href":"https:\/\/augustins.toulouse.fr\/en\/wp-json\/wp\/v2\/media?parent=5919"}],"curies":[{"name":"wp","href":"https:\/\/api.w.org\/{rel}","templated":true}]}}