{"id":5907,"date":"2025-01-27T10:31:51","date_gmt":"2025-01-27T09:31:51","guid":{"rendered":"https:\/\/augustins.toulouse.fr\/accessibility-partially-compliant\/"},"modified":"2026-04-30T13:46:11","modified_gmt":"2026-04-30T11:46:11","slug":"accessibility-partially-compliant","status":"publish","type":"page","link":"http:\/\/augustins.toulouse.fr\/en\/accessibility-partially-compliant\/","title":{"rendered":"Accessibility: partially compliant"},"content":{"rendered":"<section class=\"section-group\"><div class=\"container\"><div class=\"pure-g\">\n<div class=\"wp-block-group is-layout-constrained wp-block-group-is-layout-constrained\">\n<p>This page deals solely with the accessibility of the website. For information on public access to the museum and its collections: <strong><a href=\"https:\/\/augustins.toulouse.fr\/accessibilite\/\">click here<\/a><\/strong>. <\/p>\n\n\n\n<h2 class=\"wp-block-heading\" id=\"declaration-d-accessibilite-3-4-25\">Accessibility statement (3\/4\/25)<\/h2>\n\n\n\n<p>The Mairie de Toulouse is committed to making its websites accessible in accordance with article No. 47 of law No. 2005-102 of 11 February 2005.<br \/>This accessibility statement applies to the \u201cMus\u00e9e des Augustins\u201d website.<\/p>\n\n\n\n<h3 class=\"wp-block-heading\" id=\"etat-de-conformite\">Compliance status<\/h3>\n\n\n\n<p>The \u201cMus\u00e9e des Augustins\u201d website is not compliant with the r\u00e9f\u00e9rentiel g\u00e9n\u00e9ral d\u2019am\u00e9lioration de l\u2019accessibilit\u00e9 (RGAA, French equivalent of the Web Content Accessibility Guidelines), <a href=\"https:\/\/www.numerique.gouv.fr\/publications\/rgaa-accessibilite\/\" target=\"_blank\" rel=\"noreferrer noopener\">version 4.1<\/a>, due to the non-compliances listed in the \u201cTest results\u201d section below.<\/p>\n\n\n\n<h3 class=\"wp-block-heading\" id=\"resultats-des-tests\">Test results<\/h3>\n\n\n\n<p>The compliance audit carried out by Access42 shows that the website complies with 74.65% of RGAA version 4.1 criteria.<\/p>\n\n\n\n<h4 class=\"wp-block-heading\" id=\"contenus-inaccessibles\">Inaccessible content<\/h4>\n\n\n\n<h5 class=\"wp-block-heading\" id=\"non-conformites\">Non-compliances<\/h5>\n\n\n\n<ul class=\"wp-block-list\">\n<li>[1.1 \u2013 1.3] Some informative images lack alternative text or have inadequate alternatives ; <\/li>\n\n\n\n<li>[1.2] Decorative images are not ignored by assistive technologies ; <\/li>\n\n\n\n<li>[1.9] Some images have captions that are not correctly associated ; <\/li>\n\n\n\n<li>[3.2] Some text has insufficient contrast ; <\/li>\n\n\n\n<li>[4.3 \u2013 4.5] Some multimedia content lacks subtitles or audio description ; <\/li>\n\n\n\n<li>[7.1] Some JavaScript features are not compatible with assistive technologies or are not keyboard-accessible (notably expandable\/collapsible content and carousels), or misuse ARIA properties ;<\/li>\n\n\n\n<li>[8.6] Some pages do not have relevant page titles ; <\/li>\n\n\n\n<li>[8.7] Des changements de langue dans le texte ne sont pas signal\u00e9s ; <\/li>\n\n\n\n<li>[8.9] Some pages use HTML elements for presentation purposes (e.g. empty paragraphs or unstructured text within paragraph tags) ; <\/li>\n\n\n\n<li>[9.1] Some pages have an inappropriate heading hierarchy (missing or poorly defined headings) ; <\/li>\n\n\n\n<li>[9.2] Page structure is not properly defined ; <\/li>\n\n\n\n<li>[10.13] Some additional content appearing on hover or focus cannot be controlled by the user ; <\/li>\n\n\n\n<li>[11.1] Some form fields do not have properly associated labels ; <\/li>\n\n\n\n<li>[11.7] Some fields of the same type do not have relevant labels ; <\/li>\n\n\n\n<li>[11.10] Input assistance is absent or inadequate for fields requiring specific formats; mandatory fields are not clearly indicated; error messages are not properly associated with the relevant fields ; <\/li>\n\n\n\n<li>[12.8] Some pages present tab navigation issues due to hidden elements. <\/li>\n<\/ul>\n\n\n\n<h5 class=\"wp-block-heading\" id=\"derogations-pour-charge-disproportionnee\">Disproportionate burden exemptions<\/h5>\n\n\n\n<p>None<\/p>\n\n\n\n<h5 class=\"wp-block-heading\" id=\"contenus-non-soumis-a-l-obligation-d-accessibilite\">Content not subject to accessibility requirements<\/h5>\n\n\n\n<ul class=\"wp-block-list\">\n<li>The Tarte au Citron cookie management module (reason: external service) ; <\/li>\n\n\n\n<li>The YouTube video player (reason: external service) ;<\/li>\n\n\n\n<li>The newsletter subscription form generated by Secutix (reason: external service) ;<\/li>\n\n\n\n<li>The reCAPTCHA CAPTCHA (reason: external service). <\/li>\n<\/ul>\n\n\n\n<h3 class=\"wp-block-heading\" id=\"etablissement-de-cette-declaration-d-accessibilite\">Preparation of this accessibility statement<\/h3>\n\n\n\n<p><br \/>This statement was drawn up on 21 February 2025. It was updated on 3 April 2025. <\/p>\n\n\n\n<h4 class=\"wp-block-heading\" id=\"technologies-utilisees-pour-la-realisation-du-site\">Technologies used to build the website<\/h4>\n\n\n\n<ul class=\"wp-block-list\">\n<li>HTML5<\/li>\n\n\n\n<li>CSS<\/li>\n\n\n\n<li>Javascript<\/li>\n\n\n\n<li>Content management system: WordPress<\/li>\n<\/ul>\n\n\n\n<h4 class=\"wp-block-heading\" id=\"agents-utilisateurs-et-technologies-d-assistance-utilisees-pour-verifier-l-accessibilite-des-contenus\">User agents and assistive technologies used to test content accessibility<\/h4>\n\n\n\n<p>Webpage testing was carried out using the following web browser and screen reader combinations:<\/p>\n\n\n\n<ul class=\"wp-block-list\">\n<li>Firefox 135 et NVDA 2024<\/li>\n\n\n\n<li>Firefox 135 et JAWS 2024<\/li>\n\n\n\n<li>Safari 18.3 et VoiceOver (macOS 15.3.1)<\/li>\n\n\n\n<li>Safari 18.1 et VoiceOver (iOS 18)<\/li>\n\n\n\n<li>Chrome 133 et TalkBack (Android 14)<\/li>\n<\/ul>\n\n\n\n<p>Accessibility checks were conducted through manual testing, supported by tools (dedicated CSS stylesheets, HeadingsMap and Web Developer Toolbar extensions, and Colour Contrast Analyser).<\/p>\n\n\n\n<h4 class=\"wp-block-heading\" id=\"pages-du-site-ayant-fait-l-objet-de-la-verification-de-conformite\">Webpages checked for compliance<\/h4>\n\n\n\n<ul class=\"wp-block-list\">\n<li><a href=\"\/\">Homepage<\/a><\/li>\n\n\n\n<li><a href=\"http:\/\/augustins.toulouse.fr\/nous-contacter\/\">Contact<\/a><\/li>\n\n\n\n<li><a href=\"http:\/\/augustins.toulouse.fr\/en\/credits-and-legal-notice\/\">Legal notice<\/a><\/li>\n\n\n\n<li><a href=\"https:\/\/augustins.toulouse.fr\/en\/accessibility-partially-compliant\/\">Accessibility<\/a><\/li>\n\n\n\n<li><a href=\"http:\/\/augustins.toulouse.fr\/en\/sitemap\/\">Sitemap<\/a><\/li>\n\n\n\n<li><a href=\"\/search\/test\">Search results<\/a><\/li>\n\n\n\n<li><a href=\"\/agenda\/\">Events and exhibitions<\/a><\/li>\n\n\n\n<li><a href=\"\/un-jour-avec\/\"><\/a><a href=\"\/agenda\/\">Event listings<\/a><\/li>\n\n\n\n<li><a href=\"http:\/\/augustins.toulouse.fr\/accessibilite\/\">Accessibility article<\/a><\/li>\n\n\n\n<li><a href=\"http:\/\/augustins.toulouse.fr\/conferences-en-ligne\/\">Article<\/a><\/li>\n\n\n\n<li><a href=\"http:\/\/augustins.toulouse.fr\/en\/whats-on\/\">What\u2019s on<\/a><\/li>\n\n\n\n<li><a href=\"\/2025\/02\/07\/une-commission-scientifique-veille-sur-le-grand-cloitre\/\">A news item <\/a><\/li>\n\n\n\n<li><a href=\"http:\/\/augustins.toulouse.fr\/histoire-du-musee\/\">History of the museum<\/a><\/li>\n<\/ul>\n\n\n\n<h3 class=\"wp-block-heading\" id=\"retour-d-information-et-contact\">Feedback and contact<\/h3>\n\n\n\n<p>It is important to recall that, under article No. 11 of the February 2005 law :<\/p>\n\n\n\n<blockquote class=\"wp-block-quote is-layout-flow wp-block-quote-is-layout-flow\">\n<p> \u201cA person with a disability is entitled to compensation for the consequences of their disability, regardless of the origin and nature of their impairment, their age, or their way of life.\u201d<\/p>\n<\/blockquote>\n\n\n\n<p>The Mairie de Toulouse is committed to taking the necessary measures to provide access, within a reasonable timeframe, to the information and features sought by users with disabilities, whether or not the content is subject to an exemption.<br \/>Users encountering difficulties are invited to contact the Mairie de Toulouse by email at<a href=\"mailto:webmaster.internet@mairie-toulouse.fr\"> <\/a><a href=\"mailto:webmaster@toulouse-metropole.fr\">webmaster.internet@mairie-toulouse.fr<\/a> so assistance can be provided (accessible alternatives, information or content supplied in another format).<\/p>\n\n\n\n<h3 class=\"wp-block-heading\" id=\"voies-de-recours\">Remedies<\/h3>\n\n\n\n<p>If you identify an accessibility issue preventing access to content or functionality on the website, and you report it to us without receiving a satisfactory response, you are entitled to submit a complaint or refer the matter to the D\u00e9fenseur des droits (French defender of rights).<br \/>Several means are available to you :<\/p>\n\n\n\n<ul class=\"wp-block-list\">\n<li>An online <a href=\"https:\/\/formulaire.defenseurdesdroits.fr\/code\/afficher.php?ETAPE=accueil_2016\" target=\"_blank\" rel=\"noreferrer noopener\">contact form<\/a> ;<\/li>\n\n\n\n<li>A telephone number: +33 (0)9 69 39 00 00 ;<\/li>\n\n\n\n<li>A postal address (freepost): Le D\u00e9fenseur des droits \u2013 Libre r\u00e9ponse 71120 \u2013 75342 Paris CEDEX 07.<\/li>\n<\/ul>\n<\/div>\n<\/div><\/div><\/section>","protected":false},"excerpt":{"rendered":"<p>This page deals solely with the accessibility of the website. For information on public access to the museum and its collections: click here. Accessibility statement (3\/4\/25) The Mairie de Toulouse is committed to making its&hellip;<\/p>\n","protected":false},"author":6,"featured_media":0,"parent":0,"menu_order":0,"comment_status":"closed","ping_status":"closed","template":"","meta":{"_acf_changed":false,"footnotes":""},"class_list":["post-5907","page","type-page","status-publish","hentry"],"acf":[],"yoast_head":"<!-- This site is optimized with the Yoast SEO plugin v27.0 - https:\/\/yoast.com\/product\/yoast-seo-wordpress\/ -->\n<title>Accessibility: partially compliant - Mus\u00e9e des Augustins<\/title>\n<meta name=\"description\" content=\"Accessibility: partially compliant. This accessibility statement applies to the \u201cMus\u00e9e des Augustins\u201d website\" \/>\n<meta name=\"robots\" content=\"index, follow, max-snippet:-1, max-image-preview:large, max-video-preview:-1\" \/>\n<link rel=\"canonical\" href=\"http:\/\/augustins.toulouse.fr\/en\/accessibility-partially-compliant\/\" \/>\n<meta property=\"og:locale\" content=\"en_US\" \/>\n<meta property=\"og:type\" content=\"article\" \/>\n<meta property=\"og:title\" content=\"Accessibility: partially compliant - Mus\u00e9e des Augustins\" \/>\n<meta property=\"og:description\" content=\"Accessibility: partially compliant. This accessibility statement applies to the \u201cMus\u00e9e des Augustins\u201d website\" \/>\n<meta property=\"og:url\" content=\"http:\/\/augustins.toulouse.fr\/en\/accessibility-partially-compliant\/\" \/>\n<meta property=\"og:site_name\" content=\"Mus\u00e9e des Augustins\" \/>\n<meta property=\"article:modified_time\" content=\"2026-04-30T11:46:11+00:00\" \/>\n<meta name=\"twitter:card\" content=\"summary_large_image\" \/>\n<meta name=\"twitter:label1\" content=\"Est. reading time\" \/>\n\t<meta name=\"twitter:data1\" content=\"3 minutes\" \/>\n<script type=\"application\/ld+json\" class=\"yoast-schema-graph\">{\"@context\":\"https:\/\/schema.org\",\"@graph\":[{\"@type\":\"WebPage\",\"@id\":\"http:\/\/augustins.toulouse.fr\/en\/accessibility-partially-compliant\/\",\"url\":\"http:\/\/augustins.toulouse.fr\/en\/accessibility-partially-compliant\/\",\"name\":\"Accessibility: partially compliant - Mus\u00e9e des Augustins\",\"isPartOf\":{\"@id\":\"https:\/\/augustins.toulouse.fr\/en\/#website\"},\"datePublished\":\"2025-01-27T09:31:51+00:00\",\"dateModified\":\"2026-04-30T11:46:11+00:00\",\"description\":\"Accessibility: partially compliant. This accessibility statement applies to the \u201cMus\u00e9e des Augustins\u201d website\",\"breadcrumb\":{\"@id\":\"http:\/\/augustins.toulouse.fr\/en\/accessibility-partially-compliant\/#breadcrumb\"},\"inLanguage\":\"en-US\",\"potentialAction\":[{\"@type\":\"ReadAction\",\"target\":[\"http:\/\/augustins.toulouse.fr\/en\/accessibility-partially-compliant\/\"]}]},{\"@type\":\"BreadcrumbList\",\"@id\":\"http:\/\/augustins.toulouse.fr\/en\/accessibility-partially-compliant\/#breadcrumb\",\"itemListElement\":[{\"@type\":\"ListItem\",\"position\":1,\"name\":\"Accueil\",\"item\":\"https:\/\/augustins.toulouse.fr\/en\/\"},{\"@type\":\"ListItem\",\"position\":2,\"name\":\"Accessibility: partially compliant\"}]},{\"@type\":\"WebSite\",\"@id\":\"https:\/\/augustins.toulouse.fr\/en\/#website\",\"url\":\"https:\/\/augustins.toulouse.fr\/en\/\",\"name\":\"Mus\u00e9e des Augustins\",\"description\":\"\",\"publisher\":{\"@id\":\"https:\/\/augustins.toulouse.fr\/en\/#organization\"},\"potentialAction\":[{\"@type\":\"SearchAction\",\"target\":{\"@type\":\"EntryPoint\",\"urlTemplate\":\"https:\/\/augustins.toulouse.fr\/en\/search\/{search_term_string}\"},\"query-input\":{\"@type\":\"PropertyValueSpecification\",\"valueRequired\":true,\"valueName\":\"search_term_string\"}}],\"inLanguage\":\"en-US\"},{\"@type\":\"Organization\",\"@id\":\"https:\/\/augustins.toulouse.fr\/en\/#organization\",\"name\":\"Mus\u00e9e des Augustins\",\"url\":\"https:\/\/augustins.toulouse.fr\/en\/\",\"logo\":{\"@type\":\"ImageObject\",\"inLanguage\":\"en-US\",\"@id\":\"https:\/\/augustins.toulouse.fr\/en\/#\/schema\/logo\/image\/\",\"url\":\"https:\/\/augustins.toulouse.fr\/wp-content\/uploads\/sites\/17\/2025\/01\/logo-musee-des-augustins-1.svg\",\"contentUrl\":\"https:\/\/augustins.toulouse.fr\/wp-content\/uploads\/sites\/17\/2025\/01\/logo-musee-des-augustins-1.svg\",\"caption\":\"Mus\u00e9e des Augustins\"},\"image\":{\"@id\":\"https:\/\/augustins.toulouse.fr\/en\/#\/schema\/logo\/image\/\"}}]}<\/script>\n<!-- \/ Yoast SEO plugin. -->","yoast_head_json":{"title":"Accessibility: partially compliant - Mus\u00e9e des Augustins","description":"Accessibility: partially compliant. This accessibility statement applies to the \u201cMus\u00e9e des Augustins\u201d website","robots":{"index":"index","follow":"follow","max-snippet":"max-snippet:-1","max-image-preview":"max-image-preview:large","max-video-preview":"max-video-preview:-1"},"canonical":"http:\/\/augustins.toulouse.fr\/en\/accessibility-partially-compliant\/","og_locale":"en_US","og_type":"article","og_title":"Accessibility: partially compliant - Mus\u00e9e des Augustins","og_description":"Accessibility: partially compliant. This accessibility statement applies to the \u201cMus\u00e9e des Augustins\u201d website","og_url":"http:\/\/augustins.toulouse.fr\/en\/accessibility-partially-compliant\/","og_site_name":"Mus\u00e9e des Augustins","article_modified_time":"2026-04-30T11:46:11+00:00","twitter_card":"summary_large_image","twitter_misc":{"Est. reading time":"3 minutes"},"schema":{"@context":"https:\/\/schema.org","@graph":[{"@type":"WebPage","@id":"http:\/\/augustins.toulouse.fr\/en\/accessibility-partially-compliant\/","url":"http:\/\/augustins.toulouse.fr\/en\/accessibility-partially-compliant\/","name":"Accessibility: partially compliant - Mus\u00e9e des Augustins","isPartOf":{"@id":"https:\/\/augustins.toulouse.fr\/en\/#website"},"datePublished":"2025-01-27T09:31:51+00:00","dateModified":"2026-04-30T11:46:11+00:00","description":"Accessibility: partially compliant. This accessibility statement applies to the \u201cMus\u00e9e des Augustins\u201d website","breadcrumb":{"@id":"http:\/\/augustins.toulouse.fr\/en\/accessibility-partially-compliant\/#breadcrumb"},"inLanguage":"en-US","potentialAction":[{"@type":"ReadAction","target":["http:\/\/augustins.toulouse.fr\/en\/accessibility-partially-compliant\/"]}]},{"@type":"BreadcrumbList","@id":"http:\/\/augustins.toulouse.fr\/en\/accessibility-partially-compliant\/#breadcrumb","itemListElement":[{"@type":"ListItem","position":1,"name":"Accueil","item":"https:\/\/augustins.toulouse.fr\/en\/"},{"@type":"ListItem","position":2,"name":"Accessibility: partially compliant"}]},{"@type":"WebSite","@id":"https:\/\/augustins.toulouse.fr\/en\/#website","url":"https:\/\/augustins.toulouse.fr\/en\/","name":"Mus\u00e9e des Augustins","description":"","publisher":{"@id":"https:\/\/augustins.toulouse.fr\/en\/#organization"},"potentialAction":[{"@type":"SearchAction","target":{"@type":"EntryPoint","urlTemplate":"https:\/\/augustins.toulouse.fr\/en\/search\/{search_term_string}"},"query-input":{"@type":"PropertyValueSpecification","valueRequired":true,"valueName":"search_term_string"}}],"inLanguage":"en-US"},{"@type":"Organization","@id":"https:\/\/augustins.toulouse.fr\/en\/#organization","name":"Mus\u00e9e des Augustins","url":"https:\/\/augustins.toulouse.fr\/en\/","logo":{"@type":"ImageObject","inLanguage":"en-US","@id":"https:\/\/augustins.toulouse.fr\/en\/#\/schema\/logo\/image\/","url":"https:\/\/augustins.toulouse.fr\/wp-content\/uploads\/sites\/17\/2025\/01\/logo-musee-des-augustins-1.svg","contentUrl":"https:\/\/augustins.toulouse.fr\/wp-content\/uploads\/sites\/17\/2025\/01\/logo-musee-des-augustins-1.svg","caption":"Mus\u00e9e des Augustins"},"image":{"@id":"https:\/\/augustins.toulouse.fr\/en\/#\/schema\/logo\/image\/"}}]}},"_links":{"self":[{"href":"https:\/\/augustins.toulouse.fr\/en\/wp-json\/wp\/v2\/pages\/5907","targetHints":{"allow":["GET"]}}],"collection":[{"href":"https:\/\/augustins.toulouse.fr\/en\/wp-json\/wp\/v2\/pages"}],"about":[{"href":"https:\/\/augustins.toulouse.fr\/en\/wp-json\/wp\/v2\/types\/page"}],"author":[{"embeddable":true,"href":"https:\/\/augustins.toulouse.fr\/en\/wp-json\/wp\/v2\/users\/6"}],"replies":[{"embeddable":true,"href":"https:\/\/augustins.toulouse.fr\/en\/wp-json\/wp\/v2\/comments?post=5907"}],"version-history":[{"count":2,"href":"https:\/\/augustins.toulouse.fr\/en\/wp-json\/wp\/v2\/pages\/5907\/revisions"}],"predecessor-version":[{"id":5916,"href":"https:\/\/augustins.toulouse.fr\/en\/wp-json\/wp\/v2\/pages\/5907\/revisions\/5916"}],"wp:attachment":[{"href":"https:\/\/augustins.toulouse.fr\/en\/wp-json\/wp\/v2\/media?parent=5907"}],"curies":[{"name":"wp","href":"https:\/\/api.w.org\/{rel}","templated":true}]}}