{"id":2107,"date":"2025-01-29T15:51:04","date_gmt":"2025-01-29T14:51:04","guid":{"rendered":"https:\/\/augustins.toulouse.fr\/?page_id=2107"},"modified":"2025-06-06T12:31:49","modified_gmt":"2025-06-06T10:31:49","slug":"page-test-1","status":"publish","type":"page","link":"https:\/\/augustins.toulouse.fr\/en\/page-test-1\/","title":{"rendered":"Page test 1"},"content":{"rendered":"\n<p class=\"has-red-background-color has-background\">Paragraphe de test pour la couleur orange du th\u00e8me<\/p>\n\n<p>Paragraphe de test<\/p>\n\n<p class=\"has-emerald-background-color has-background\">paragraphe pour tester le vert<\/p>\n\n<p class=\"has-linen-background-color has-background\">paragraphe pour tester le dor\u00e9 du th\u00e8me<\/p>\n<section class=\"section-group\"><div class=\"container\"><div class=\"pure-g\">\n<div class=\"wp-block-group is-layout-constrained wp-block-group-is-layout-constrained\">\n<div class=\"wp-block-media-text is-stacked-on-mobile has-linen-background-color has-background\"><figure class=\"wp-block-media-text__media\" role=\"group\" aria-label=\"Tests de nettoyage. Photo Mus\u00e9e des Augustins\" \"><img loading=\"lazy\" decoding=\"async\" width=\"600\" height=\"646\" src=\"http:\/\/augustins.toulouse.fr\/wp-content\/uploads\/sites\/17\/2025\/02\/test-nettoyage-600x646-1.jpeg\" alt=\"photo d'un pilier du grand clo\u00eetre avec tests de nettoyage\" class=\"wp-image-227 size-full\" srcset=\"https:\/\/augustins.toulouse.fr\/wp-content\/uploads\/sites\/17\/2025\/02\/test-nettoyage-600x646-1.jpeg 600w, https:\/\/augustins.toulouse.fr\/wp-content\/uploads\/sites\/17\/2025\/02\/test-nettoyage-600x646-1-279x300.jpeg 279w, https:\/\/augustins.toulouse.fr\/wp-content\/uploads\/sites\/17\/2025\/02\/test-nettoyage-600x646-1-385x414.jpeg 385w\" sizes=\"(max-width: 600px) 100vw, 600px\" \/><figcaption>Tests de nettoyage. Photo Mus\u00e9e des Augustins<\/figcaption><\/figure><div class=\"wp-block-media-text__content\">\n<p class=\"has-linen-background-color has-background\">C\u2019est en 1309 que les Ermites de Saint-Augustin d\u00e9cident d\u2019\u00e9tablir un couvent au c\u0153ur de Toulouse. Avec l\u2019autorisation du Pape Cl\u00e9ment V, des travaux sont rapidement entrepris sous la direction de Jean de Lobres, ma\u00eetre d\u2019\u0153uvre de la cath\u00e9drale Saint-\u00c9tienne.<br\/>D\u00e8s 1341, une assembl\u00e9e g\u00e9n\u00e9rale de l\u2019ordre se r\u00e9unit dans le couvent. \u00c0 cette date \u00e9taient sans doute d\u00e9j\u00e0 construites quatre trav\u00e9es de l\u2019\u00e9glise, le clocher et les salles capitulaires, ainsi que la premi\u00e8re galerie du clo\u00eetre. L\u2019ensemble des galeries du grand clo\u00eetre est achev\u00e9 \u00e0 la fin du 14e si\u00e8cle. \u00c0 cette \u00e9poque, pr\u00e8s de deux cents moines vivaient, travaillaient et priaient dans le couvent.<br\/>Caract\u00e9ristique de ce qu\u2019on appelle le style gothique m\u00e9ridional, l\u2019\u00e9glise est organis\u00e9e autour d\u2019une large nef unique, sans transept, ouvrant sur un chevet \u00e0 trois chapelles seulement. Sa construction est ralentie par le grand incendie qui ravage Toulouse en 1463 : l\u2019\u00e9glise est finalement consacr\u00e9e le 30 juin 1504.     <\/p>\n<\/div><\/div>\n<\/div>\n<\/div><\/div><\/section>","protected":false},"excerpt":{"rendered":"<p>Paragraphe de test pour la couleur orange du th\u00e8me Paragraphe de test paragraphe pour tester le vert paragraphe pour tester le dor\u00e9 du th\u00e8me C\u2019est en 1309 que les Ermites de Saint-Augustin d\u00e9cident d\u2019\u00e9tablir un&hellip;<\/p>\n","protected":false},"author":147,"featured_media":0,"parent":0,"menu_order":0,"comment_status":"closed","ping_status":"closed","template":"","meta":{"_acf_changed":false,"footnotes":""},"class_list":["post-2107","page","type-page","status-publish","hentry"],"acf":[],"yoast_head":"<!-- This site is optimized with the Yoast SEO plugin v27.0 - https:\/\/yoast.com\/product\/yoast-seo-wordpress\/ -->\n<title>Page test 1 - Mus\u00e9e des Augustins<\/title>\n<meta name=\"robots\" content=\"index, follow, max-snippet:-1, max-image-preview:large, max-video-preview:-1\" \/>\n<link rel=\"canonical\" href=\"https:\/\/augustins.toulouse.fr\/en\/page-test-1\/\" \/>\n<meta property=\"og:locale\" content=\"en_US\" \/>\n<meta property=\"og:type\" content=\"article\" \/>\n<meta property=\"og:title\" content=\"Page test 1 - Mus\u00e9e des Augustins\" \/>\n<meta property=\"og:description\" content=\"Paragraphe de test pour la couleur orange du th\u00e8me Paragraphe de test paragraphe pour tester le vert paragraphe pour tester le dor\u00e9 du th\u00e8me C\u2019est en 1309 que les Ermites de Saint-Augustin d\u00e9cident d\u2019\u00e9tablir un&hellip;\" \/>\n<meta property=\"og:url\" content=\"https:\/\/augustins.toulouse.fr\/en\/page-test-1\/\" \/>\n<meta property=\"og:site_name\" content=\"Mus\u00e9e des Augustins\" \/>\n<meta property=\"article:modified_time\" content=\"2025-06-06T10:31:49+00:00\" \/>\n<meta property=\"og:image\" content=\"https:\/\/augustins.toulouse.fr\/wp-content\/uploads\/sites\/17\/2025\/02\/test-nettoyage-600x646-1.jpeg\" \/>\n\t<meta property=\"og:image:width\" content=\"600\" \/>\n\t<meta property=\"og:image:height\" content=\"646\" \/>\n\t<meta property=\"og:image:type\" content=\"image\/jpeg\" \/>\n<meta name=\"twitter:card\" content=\"summary_large_image\" \/>\n<meta name=\"twitter:label1\" content=\"Est. reading time\" \/>\n\t<meta name=\"twitter:data1\" content=\"1 minute\" \/>\n<script type=\"application\/ld+json\" class=\"yoast-schema-graph\">{\"@context\":\"https:\/\/schema.org\",\"@graph\":[{\"@type\":\"WebPage\",\"@id\":\"https:\/\/augustins.toulouse.fr\/en\/page-test-1\/\",\"url\":\"https:\/\/augustins.toulouse.fr\/en\/page-test-1\/\",\"name\":\"Page test 1 - Mus\u00e9e des Augustins\",\"isPartOf\":{\"@id\":\"https:\/\/augustins.toulouse.fr\/en\/#website\"},\"primaryImageOfPage\":{\"@id\":\"https:\/\/augustins.toulouse.fr\/en\/page-test-1\/#primaryimage\"},\"image\":{\"@id\":\"https:\/\/augustins.toulouse.fr\/en\/page-test-1\/#primaryimage\"},\"thumbnailUrl\":\"http:\/\/augustins.toulouse.fr\/wp-content\/uploads\/sites\/17\/2025\/02\/test-nettoyage-600x646-1.jpeg\",\"datePublished\":\"2025-01-29T14:51:04+00:00\",\"dateModified\":\"2025-06-06T10:31:49+00:00\",\"breadcrumb\":{\"@id\":\"https:\/\/augustins.toulouse.fr\/en\/page-test-1\/#breadcrumb\"},\"inLanguage\":\"en-US\",\"potentialAction\":[{\"@type\":\"ReadAction\",\"target\":[\"https:\/\/augustins.toulouse.fr\/en\/page-test-1\/\"]}]},{\"@type\":\"ImageObject\",\"inLanguage\":\"en-US\",\"@id\":\"https:\/\/augustins.toulouse.fr\/en\/page-test-1\/#primaryimage\",\"url\":\"http:\/\/augustins.toulouse.fr\/wp-content\/uploads\/sites\/17\/2025\/02\/test-nettoyage-600x646-1.jpeg\",\"contentUrl\":\"http:\/\/augustins.toulouse.fr\/wp-content\/uploads\/sites\/17\/2025\/02\/test-nettoyage-600x646-1.jpeg\"},{\"@type\":\"BreadcrumbList\",\"@id\":\"https:\/\/augustins.toulouse.fr\/en\/page-test-1\/#breadcrumb\",\"itemListElement\":[{\"@type\":\"ListItem\",\"position\":1,\"name\":\"Accueil\",\"item\":\"https:\/\/augustins.toulouse.fr\/en\/\"},{\"@type\":\"ListItem\",\"position\":2,\"name\":\"Page test 1\"}]},{\"@type\":\"WebSite\",\"@id\":\"https:\/\/augustins.toulouse.fr\/en\/#website\",\"url\":\"https:\/\/augustins.toulouse.fr\/en\/\",\"name\":\"Mus\u00e9e des Augustins\",\"description\":\"\",\"publisher\":{\"@id\":\"https:\/\/augustins.toulouse.fr\/en\/#organization\"},\"potentialAction\":[{\"@type\":\"SearchAction\",\"target\":{\"@type\":\"EntryPoint\",\"urlTemplate\":\"https:\/\/augustins.toulouse.fr\/en\/search\/{search_term_string}\"},\"query-input\":{\"@type\":\"PropertyValueSpecification\",\"valueRequired\":true,\"valueName\":\"search_term_string\"}}],\"inLanguage\":\"en-US\"},{\"@type\":\"Organization\",\"@id\":\"https:\/\/augustins.toulouse.fr\/en\/#organization\",\"name\":\"Mus\u00e9e des Augustins\",\"url\":\"https:\/\/augustins.toulouse.fr\/en\/\",\"logo\":{\"@type\":\"ImageObject\",\"inLanguage\":\"en-US\",\"@id\":\"https:\/\/augustins.toulouse.fr\/en\/#\/schema\/logo\/image\/\",\"url\":\"https:\/\/augustins.toulouse.fr\/wp-content\/uploads\/sites\/17\/2025\/01\/logo-musee-des-augustins-1.svg\",\"contentUrl\":\"https:\/\/augustins.toulouse.fr\/wp-content\/uploads\/sites\/17\/2025\/01\/logo-musee-des-augustins-1.svg\",\"caption\":\"Mus\u00e9e des Augustins\"},\"image\":{\"@id\":\"https:\/\/augustins.toulouse.fr\/en\/#\/schema\/logo\/image\/\"}}]}<\/script>\n<!-- \/ Yoast SEO plugin. -->","yoast_head_json":{"title":"Page test 1 - Mus\u00e9e des Augustins","robots":{"index":"index","follow":"follow","max-snippet":"max-snippet:-1","max-image-preview":"max-image-preview:large","max-video-preview":"max-video-preview:-1"},"canonical":"https:\/\/augustins.toulouse.fr\/en\/page-test-1\/","og_locale":"en_US","og_type":"article","og_title":"Page test 1 - Mus\u00e9e des Augustins","og_description":"Paragraphe de test pour la couleur orange du th\u00e8me Paragraphe de test paragraphe pour tester le vert paragraphe pour tester le dor\u00e9 du th\u00e8me C\u2019est en 1309 que les Ermites de Saint-Augustin d\u00e9cident d\u2019\u00e9tablir un&hellip;","og_url":"https:\/\/augustins.toulouse.fr\/en\/page-test-1\/","og_site_name":"Mus\u00e9e des Augustins","article_modified_time":"2025-06-06T10:31:49+00:00","og_image":[{"width":600,"height":646,"url":"https:\/\/augustins.toulouse.fr\/wp-content\/uploads\/sites\/17\/2025\/02\/test-nettoyage-600x646-1.jpeg","type":"image\/jpeg"}],"twitter_card":"summary_large_image","twitter_misc":{"Est. reading time":"1 minute"},"schema":{"@context":"https:\/\/schema.org","@graph":[{"@type":"WebPage","@id":"https:\/\/augustins.toulouse.fr\/en\/page-test-1\/","url":"https:\/\/augustins.toulouse.fr\/en\/page-test-1\/","name":"Page test 1 - Mus\u00e9e des Augustins","isPartOf":{"@id":"https:\/\/augustins.toulouse.fr\/en\/#website"},"primaryImageOfPage":{"@id":"https:\/\/augustins.toulouse.fr\/en\/page-test-1\/#primaryimage"},"image":{"@id":"https:\/\/augustins.toulouse.fr\/en\/page-test-1\/#primaryimage"},"thumbnailUrl":"http:\/\/augustins.toulouse.fr\/wp-content\/uploads\/sites\/17\/2025\/02\/test-nettoyage-600x646-1.jpeg","datePublished":"2025-01-29T14:51:04+00:00","dateModified":"2025-06-06T10:31:49+00:00","breadcrumb":{"@id":"https:\/\/augustins.toulouse.fr\/en\/page-test-1\/#breadcrumb"},"inLanguage":"en-US","potentialAction":[{"@type":"ReadAction","target":["https:\/\/augustins.toulouse.fr\/en\/page-test-1\/"]}]},{"@type":"ImageObject","inLanguage":"en-US","@id":"https:\/\/augustins.toulouse.fr\/en\/page-test-1\/#primaryimage","url":"http:\/\/augustins.toulouse.fr\/wp-content\/uploads\/sites\/17\/2025\/02\/test-nettoyage-600x646-1.jpeg","contentUrl":"http:\/\/augustins.toulouse.fr\/wp-content\/uploads\/sites\/17\/2025\/02\/test-nettoyage-600x646-1.jpeg"},{"@type":"BreadcrumbList","@id":"https:\/\/augustins.toulouse.fr\/en\/page-test-1\/#breadcrumb","itemListElement":[{"@type":"ListItem","position":1,"name":"Accueil","item":"https:\/\/augustins.toulouse.fr\/en\/"},{"@type":"ListItem","position":2,"name":"Page test 1"}]},{"@type":"WebSite","@id":"https:\/\/augustins.toulouse.fr\/en\/#website","url":"https:\/\/augustins.toulouse.fr\/en\/","name":"Mus\u00e9e des Augustins","description":"","publisher":{"@id":"https:\/\/augustins.toulouse.fr\/en\/#organization"},"potentialAction":[{"@type":"SearchAction","target":{"@type":"EntryPoint","urlTemplate":"https:\/\/augustins.toulouse.fr\/en\/search\/{search_term_string}"},"query-input":{"@type":"PropertyValueSpecification","valueRequired":true,"valueName":"search_term_string"}}],"inLanguage":"en-US"},{"@type":"Organization","@id":"https:\/\/augustins.toulouse.fr\/en\/#organization","name":"Mus\u00e9e des Augustins","url":"https:\/\/augustins.toulouse.fr\/en\/","logo":{"@type":"ImageObject","inLanguage":"en-US","@id":"https:\/\/augustins.toulouse.fr\/en\/#\/schema\/logo\/image\/","url":"https:\/\/augustins.toulouse.fr\/wp-content\/uploads\/sites\/17\/2025\/01\/logo-musee-des-augustins-1.svg","contentUrl":"https:\/\/augustins.toulouse.fr\/wp-content\/uploads\/sites\/17\/2025\/01\/logo-musee-des-augustins-1.svg","caption":"Mus\u00e9e des Augustins"},"image":{"@id":"https:\/\/augustins.toulouse.fr\/en\/#\/schema\/logo\/image\/"}}]}},"_links":{"self":[{"href":"https:\/\/augustins.toulouse.fr\/en\/wp-json\/wp\/v2\/pages\/2107","targetHints":{"allow":["GET"]}}],"collection":[{"href":"https:\/\/augustins.toulouse.fr\/en\/wp-json\/wp\/v2\/pages"}],"about":[{"href":"https:\/\/augustins.toulouse.fr\/en\/wp-json\/wp\/v2\/types\/page"}],"author":[{"embeddable":true,"href":"https:\/\/augustins.toulouse.fr\/en\/wp-json\/wp\/v2\/users\/147"}],"replies":[{"embeddable":true,"href":"https:\/\/augustins.toulouse.fr\/en\/wp-json\/wp\/v2\/comments?post=2107"}],"version-history":[{"count":1,"href":"https:\/\/augustins.toulouse.fr\/en\/wp-json\/wp\/v2\/pages\/2107\/revisions"}],"predecessor-version":[{"id":2108,"href":"https:\/\/augustins.toulouse.fr\/en\/wp-json\/wp\/v2\/pages\/2107\/revisions\/2108"}],"wp:attachment":[{"href":"https:\/\/augustins.toulouse.fr\/en\/wp-json\/wp\/v2\/media?parent=2107"}],"curies":[{"name":"wp","href":"https:\/\/api.w.org\/{rel}","templated":true}]}}